{"id":24989,"date":"2024-04-28T09:01:46","date_gmt":"2024-04-28T07:01:46","guid":{"rendered":"https:\/\/sjamaan.nl\/product\/tambour-chamanique-35-cm-chevre-sur-saule-et-pierre-de-lune\/"},"modified":"2025-02-07T16:33:55","modified_gmt":"2025-02-07T15:33:55","slug":"tambour-chamanique-35-cm-chevre-sur-saule-et-pierre-de-lune","status":"publish","type":"product","link":"https:\/\/sjamaan.nl\/fr\/produit\/tambour-chamanique-35-cm-chevre-sur-saule-et-pierre-de-lune\/","title":{"rendered":"Tambour chamanique 35 cm Ch\u00e8vre sur Saule et Pierre de Lune"},"content":{"rendered":"<p>[et_pb_section fb_built=\u00a0\u00bb1&Prime; _builder_version=\u00a0\u00bb4.16&Prime; _module_preset=\u00a0\u00bbdefault\u00a0\u00bb background_color=\u00a0\u00bb#322952&Prime; custom_margin=\u00a0\u00bb0px||0px||true|false\u00a0\u00bb custom_padding=\u00a0\u00bb0px||0px||true|false\u00a0\u00bb global_colors_info=\u00a0\u00bb{}\u00a0\u00bb][et_pb_row _builder_version=\u00a0\u00bb4.16&Prime; _module_preset=\u00a0\u00bbdefault\u00a0\u00bb custom_padding=\u00a0\u00bb10px||18px||false|false\u00a0\u00bb global_colors_info=\u00a0\u00bb{}\u00a0\u00bb][et_pb_column type=\u00a0\u00bb4_4&Prime; _builder_version=\u00a0\u00bb4.16&Prime; _module_preset=\u00a0\u00bbdefault\u00a0\u00bb global_colors_info=\u00a0\u00bb{}\u00a0\u00bb][et_pb_wc_title _builder_version=\u00a0\u00bb4.16&Prime; header_font=\u00a0\u00bbLato|||on|||||\u00a0\u00bb header_text_color=\u00a0\u00bb#ffffff\u00a0\u00bb header_font_size=\u00a0\u00bb29px\u00a0\u00bb header_letter_spacing=\u00a0\u00bb2px\u00a0\u00bb custom_padding=\u00a0\u00bb8px||0px||false|false\u00a0\u00bb global_colors_info=\u00a0\u00bb{}\u00a0\u00bb][\/et_pb_wc_title][\/et_pb_column][\/et_pb_row][\/et_pb_section][et_pb_section fb_built=\u00a0\u00bb1&Prime; _builder_version=\u00a0\u00bb4.16&Prime; background_color=\u00a0\u00bbrgba(255,237,206,0.5)\u00a0\u00bb custom_padding=\u00a0\u00bb0px||||false|false\u00a0\u00bb global_colors_info=\u00a0\u00bb{}\u00a0\u00bb][et_pb_row _builder_version=\u00a0\u00bb4.16&Prime; background_size=\u00a0\u00bbinitial\u00a0\u00bb background_position=\u00a0\u00bbtop_left\u00a0\u00bb background_repeat=\u00a0\u00bbrepeat\u00a0\u00bb global_colors_info=\u00a0\u00bb{}\u00a0\u00bb][et_pb_column type=\u00a0\u00bb4_4&Prime; _builder_version=\u00a0\u00bb4.16&Prime; custom_padding=\u00a0\u00bb|||\u00a0\u00bb global_colors_info=\u00a0\u00bb{}\u00a0\u00bb custom_padding__hover=\u00a0\u00bb|||\u00a0\u00bb][et_pb_wc_breadcrumb _builder_version=\u00a0\u00bb4.16&Prime; global_colors_info=\u00a0\u00bb{}\u00a0\u00bb][\/et_pb_wc_breadcrumb][et_pb_wc_cart_notice _builder_version=\u00a0\u00bb4.16&Prime; global_colors_info=\u00a0\u00bb{}\u00a0\u00bb][\/et_pb_wc_cart_notice][\/et_pb_column][\/et_pb_row][et_pb_row column_structure=\u00a0\u00bb1_2,1_2&Prime; _builder_version=\u00a0\u00bb4.16&Prime; background_size=\u00a0\u00bbinitial\u00a0\u00bb background_position=\u00a0\u00bbtop_left\u00a0\u00bb background_repeat=\u00a0\u00bbrepeat\u00a0\u00bb custom_padding=\u00a0\u00bb0px||||false|false\u00a0\u00bb global_colors_info=\u00a0\u00bb{}\u00a0\u00bb][et_pb_column type=\u00a0\u00bb1_2&Prime; _builder_version=\u00a0\u00bb4.16&Prime; custom_padding=\u00a0\u00bb|||\u00a0\u00bb global_colors_info=\u00a0\u00bb{}\u00a0\u00bb custom_padding__hover=\u00a0\u00bb|||\u00a0\u00bb][et_pb_wc_images _builder_version=\u00a0\u00bb4.16&Prime; global_colors_info=\u00a0\u00bb{}\u00a0\u00bb][\/et_pb_wc_images][\/et_pb_column][et_pb_column type=\u00a0\u00bb1_2&Prime; _builder_version=\u00a0\u00bb4.16&Prime; custom_padding=\u00a0\u00bb|||\u00a0\u00bb global_colors_info=\u00a0\u00bb{}\u00a0\u00bb custom_padding__hover=\u00a0\u00bb|||\u00a0\u00bb][et_pb_wc_title _builder_version=\u00a0\u00bb4.25.0&Prime; _module_preset=\u00a0\u00bbdefault\u00a0\u00bb header_level=\u00a0\u00bbh2&Prime; global_colors_info=\u00a0\u00bb{}\u00a0\u00bb][\/et_pb_wc_title][et_pb_wc_price _builder_version=\u00a0\u00bb4.16&Prime; global_colors_info=\u00a0\u00bb{}\u00a0\u00bb][\/et_pb_wc_price][et_pb_wc_description _builder_version=\u00a0\u00bb4.16&Prime; global_colors_info=\u00a0\u00bb{}\u00a0\u00bb][\/et_pb_wc_description][et_pb_wc_add_to_cart _builder_version=\u00a0\u00bb4.16&Prime; global_colors_info=\u00a0\u00bb{}\u00a0\u00bb][\/et_pb_wc_add_to_cart][et_pb_wc_rating _builder_version=\u00a0\u00bb4.16&Prime; rating_text_color=\u00a0\u00bb#5e50a1&Prime; global_colors_info=\u00a0\u00bb{}\u00a0\u00bb][\/et_pb_wc_rating][et_pb_wc_meta _builder_version=\u00a0\u00bb4.16&Prime; global_colors_info=\u00a0\u00bb{}\u00a0\u00bb][\/et_pb_wc_meta][\/et_pb_column][\/et_pb_row][et_pb_row _builder_version=\u00a0\u00bb4.16&Prime; background_size=\u00a0\u00bbinitial\u00a0\u00bb background_position=\u00a0\u00bbtop_left\u00a0\u00bb background_repeat=\u00a0\u00bbrepeat\u00a0\u00bb global_colors_info=\u00a0\u00bb{}\u00a0\u00bb][et_pb_column type=\u00a0\u00bb4_4&Prime; _builder_version=\u00a0\u00bb4.16&Prime; custom_padding=\u00a0\u00bb|||\u00a0\u00bb global_colors_info=\u00a0\u00bb{}\u00a0\u00bb custom_padding__hover=\u00a0\u00bb|||\u00a0\u00bb][et_pb_wc_tabs inactive_tab_background_color=\u00a0\u00bb#fdb913&Prime; _builder_version=\u00a0\u00bb4.16&Prime; global_colors_info=\u00a0\u00bb{}\u00a0\u00bb] [\/et_pb_wc_tabs][et_pb_wc_upsells _builder_version=\u00a0\u00bb4.16&Prime; global_colors_info=\u00a0\u00bb{}\u00a0\u00bb][\/et_pb_wc_upsells][et_pb_wc_related_products _builder_version=\u00a0\u00bb4.16&Prime; global_colors_info=\u00a0\u00bb{}\u00a0\u00bb][\/et_pb_wc_related_products][\/et_pb_column][\/et_pb_row][\/et_pb_section]<\/p>\n","protected":false},"excerpt":{"rendered":"<p>Tambour chamanique 35 cm Ch\u00e8vre sur Saule et Pierre de Lune<\/p>\n<p>Depuis le d\u00e9but, lorsque Singing Drum a donn\u00e9 naissance \u00e0 ce tambour, il y avait une forte connexion avec l&rsquo;Esprit du Loup. Le Loup est visible dans la peau, ressenti pendant la construction. Et cela est arriv\u00e9 : \u00ab Sous la lumi\u00e8re argent\u00e9e de la grand-m\u00e8re Lune, ce tambour m\u00e9dicinal peut chanter, comme le hurlement du Loup. \u00bb<\/p>\n<p>Le tambour a un son assez aigu, ce qui correspond \u00e0 son diam\u00e8tre. Le ton et la fr\u00e9quence montent rapidement lorsque l&rsquo;air est chaud et sec, mais ils sont agr\u00e9ables pour jouer dehors.<\/p>\n<p>Incluant un bat\u00f4n double face au choix.<\/p>\n","protected":false},"featured_media":22152,"comment_status":"open","ping_status":"closed","template":"","meta":{"_acf_changed":false,"_et_pb_use_builder":"on","_et_pb_old_content":"<h3 dir=\"auto\">Des peaux Tambour chamanique 35 cm Ch\u00e8vre sur Saule et Pierre de Lune<\/h3>\n<div dir=\"auto\">\n<div dir=\"auto\">\n<div dir=\"auto\">\n<div dir=\"auto\">La Ch\u00e8vre vous fait savoir que c'est le moment de commencer une nouvelle ascension et de relever de nouveaux d\u00e9fis. Prenez votre temps et tracez votre chemin. Regardez bien ce qui est devant vous afin que votre pas soit assur\u00e9 sur votre chemin.<\/div>\n<div dir=\"auto\">Cet animal peut \u00e9galement vous faire savoir qu'il est peut-\u00eatre temps de vous \u00e9tendre et d'atteindre de nouveaux sommets. Vos objectifs sont-ils suffisamment \u00e9lev\u00e9s ? Gagnes-tu plus ?<\/div>\n<div dir=\"auto\">La ch\u00e8vre peut aussi te faire savoir que tu peux avoir confiance en le fait que tu atterriras sur tes pieds. Avoir confiance en soi et en ses comp\u00e9tences est un outil tr\u00e8s puissant qui vous est toujours utile.<\/div>\n<div dir=\"auto\"><\/div>\n<\/div>\n<\/div>\n<\/div>\n<div dir=\"auto\">\n<div dir=\"auto\">La vache prend soin des besoins spirituels. Elle est nourrissante, maternelle, abondante, ancr\u00e9e, et symbolise la richesse. Elle repr\u00e9sente les cycles de fertilit\u00e9 de la lune ; la maternit\u00e9 et\/ou la paternit\u00e9, les liens avec les vies pass\u00e9es, le plaisir de vivre, la fiabilit\u00e9 et la g\u00e9n\u00e9rosit\u00e9. La vache nous enseigne \u00e0 donner et \u00e0 recevoir avec un c\u0153ur ouvert.   <\/div>\n<div dir=\"auto\">La vache est le symbole primordial de la Grande M\u00e8re. Elle est \u00e0 la fois un symbole c\u00e9leste et terrestre : c\u00e9leste, car ses cornes forment un demi-cercle, symbole de fertilit\u00e9 ; de plus, les anciens Sum\u00e9riens soulignent que la couleur du lait de vache ressemble \u00e0 celle de la lumi\u00e8re de la lune ! Terrestre, car par sa force nourrissante, elle \u00e9voque la Terre M\u00e8re. Par sa pr\u00e9sence calme, elle est \u00e9galement un symbole de paix et de tranquillit\u00e9.   <\/div>\n<div dir=\"auto\">Comme il est bien connu, la vache est un animal sacr\u00e9 dans l'hindouisme. Rien ne doit lui \u00eatre interdit. Elle est le symbole de la fertilit\u00e9 et de la satisfaction de toutes les formes de faim, y compris la r\u00e9alisation de tous les souhaits et d\u00e9sirs.  <\/div>\n<\/div>\n<h3 dir=\"auto\">Les bois Tambour chamanique 35 cm Ch\u00e8vre sur Saule et Pierre de Lune<\/h3>\n<div dir=\"auto\">\n<div dir=\"auto\">\n<div dir=\"auto\">\n<div dir=\"auto\">Le saule est un arbre tr\u00e8s \u00e9motionnel. Elle est tr\u00e8s gracieuse et accorde une grande importance \u00e0 un contact harmonieux. Elle sait vraiment appr\u00e9cier la beaut\u00e9 des autres.<\/div>\n<div dir=\"auto\">Si vous voulez \u00e9tablir un bon rapport avec elle, essayez de la charmer, habillez-vous bien et assurez-vous que votre histoire est bonne. Cependant, n'essayez jamais de la charmer avec des paroles fantaisistes, car elle vous comprendra imm\u00e9diatement. Willow est une sorte de m\u00e8re, une m\u00e8re vaniteuse, mais dont vous pouvez \u00eatre fier. Elle peut parfois \u00eatre un peu difficile, car elle est aussi exigeante envers vous qu'envers elle-m\u00eame.   <\/div>\n<div dir=\"auto\">Elle a une grande compr\u00e9hension de tous les aspects de la vie. Cela lui permet de surprendre constamment tout le monde avec des remarques inattendues et tr\u00e8s pertinentes. Elle per\u00e7oit imm\u00e9diatement tes pens\u00e9es, ce qui peut parfois te mettre dans l'embarras. Elle sait non seulement ce que tu penses, mais aussi ce que tu ressens. Tu ne peux donc rien lui cacher. Le saule est un arbre unique, tu peux toujours t'y rendre. Simplement parce que tu en as envie, ou si tu la rencontres par hasard. Quelle que soit la raison, peu importe, chaque raison est bonne, elle sera toujours l\u00e0 pour toi. Apr\u00e8s une rencontre avec elle, tu ne seras jamais triste, cela ne peut pas arriver apr\u00e8s une rencontre avec ta m\u00e8re !<\/div>\n<div dir=\"auto\">Chez les Romains, le saule \u00e9tait \u00e9galement d\u00e9di\u00e9 \u00e0 la d\u00e9esse Junon, \u00e9pouse de Jupiter, et des images de Junon \u00e9taient souvent sculpt\u00e9es dans le bois de ce saule. Au Moyen \u00c2ge, le saule \u00e9tait utilis\u00e9 pour distinguer les sorci\u00e8res mal\u00e9fiques des bonnes femmes. <\/div>\n<div dir=\"auto\">Force, Flexibilit\u00e9, Transformation, Honn\u00eatet\u00e9, Spontan\u00e9it\u00e9, Confort, Gu\u00e9rison, Mort et Renaissance. \u00c9l\u00e9ments : eau et terre. Pouvoir de la lune, souhaits, un nouveau d\u00e9part, beaut\u00e9, s\u00e9curit\u00e9, amour, compr\u00e9hension.<\/div>\n<\/div>\n<\/div>\n<\/div>\n<div dir=\"auto\"><\/div>\n<div dir=\"auto\"><\/div>\n<h3 dir=\"auto\">Les pierres pr\u00e9cieuses de Tambour chamanique 35 cm Ch\u00e8vre sur Saule et Pierre de Lune<\/h3>\n<div dir=\"auto\">\n<div dir=\"auto\">\n<div dir=\"auto\">\n<h4 dir=\"auto\">\u0152il de tigre sur les directions du vent<\/h4>\n<div dir=\"auto\">Aux points cardinaux, il y a quatre \u0153ils de tigre entre la peau et le bois. L'\u0152il de Tigre est une pierre de protection puissante qui dirige \u00e0 la fois l'attention vers l'\u00e2me et l'univers. Une forte connexion avec l'\u00e9nergie de l'\u00e2me permet au \u0152il de Tigre de recharger l'\u00e2me, tandis que la connexion avec l'\u00e9nergie du Christ procure un sentiment d'unit\u00e9 avec tout ce qui est et sera. Cela permet \u00e0 celui qui porte le cristal de r\u00e9aliser \u00e0 nouveau \u00e0 quel point la vie est belle. Cette pierre \u00e9quilibre les \u00e9nergies Yin et Yang. De plus, cette pierre ouvre la voie \u00e0 une intuition accrue, des capacit\u00e9s paranormales, des progr\u00e8s spirituels et une forte ancrage. Elle permet \u00e9galement \u00e0 l'\u00e9nergie Kundalini de circuler sans entrave.<\/div>\n<\/div>\n<div dir=\"auto\"><\/div>\n<\/div>\n<\/div>\n<div dir=\"auto\">\n<h4 dir=\"auto\">La pierre de lune au centre.<\/h4>\n<div dir=\"auto\">Le nom l'indique, cette pierre a un lien fort avec la lune et l'\u00e9nergie f\u00e9minine. Tout comme la lune, la pierre refl\u00e8te, nous rappelant que tout fait partie d'un cycle de changements. La pierre stimule l'intuition et la fertilit\u00e9 tout en ayant un effet apaisant sur les \u00e9motions trop fortes.<\/div>\n<div dir=\"auto\">La pierre renforce de mani\u00e8re puissante les capacit\u00e9s paranormales telles que les dons m\u00e9diumniques et la clairvoyance. La pierre de lune a \u00e9t\u00e9 utilis\u00e9e par de nombreuses g\u00e9n\u00e9rations et divers peuples pour renforcer et d\u00e9velopper les capacit\u00e9s paranormales. La pierre rend conscient de l'inconscient. Elle aide \u00e9galement \u00e0 se souvenir et \u00e0 interpr\u00e9ter les r\u00eaves tout en combattant l'insomnie.<\/div>\n<div dir=\"auto\">La pierre est pleine d'\u00e9nergie r\u00e9ceptive, passive et f\u00e9minine. Elle \u00e9quilibre les \u00e9nergies masculines et f\u00e9minines et aide les hommes \u00e0 se connecter avec leur c\u00f4t\u00e9 f\u00e9minin.<\/div>\n<\/div>\n<h3 dir=\"auto\">Le rope Tambour chamanique 35 cm Ch\u00e8vre sur Saule et Pierre de Lune<\/h3>\n<div dir=\"auto\">\n<div dir=\"auto\">\n<div dir=\"auto\">\n<div dir=\"auto\">\n<div dir=\"auto\">Noir, la couleur de la puissance. C'est une couleur myst\u00e9rieuse qui symbolise souvent l'autorit\u00e9, la sobri\u00e9t\u00e9 et la rigueur, mais aussi l'\u00e9l\u00e9gance et la simplicit\u00e9. Le noir est une couleur s\u00e9rieuse, forte et prestigieuse qui d\u00e9gage \u00e9galement de l'humilit\u00e9 et de la sobri\u00e9t\u00e9, selon son utilisation.<\/div>\n<div dir=\"auto\">Le brun symbolise la fiabilit\u00e9, la stabilit\u00e9 et l'authenticit\u00e9. Il est associ\u00e9 \u00e0 la terre. Tout comme la couleur verte, le brun est une couleur primordiale. C'est la couleur qui appara\u00eet le plus dans la nature, repr\u00e9sentant la solidit\u00e9, l'automne et la terre. Cette couleur est \u00e9galement li\u00e9e \u00e0 l'enracinement, c'est-\u00e0-dire \u00e0 tes racines. Le brun est la couleur de la terre sur laquelle l'humanit\u00e9 fa\u00e7onne sa vie.     <\/div>\n<div dir=\"auto\">Le blanc, la couleur de la lumi\u00e8re, est associ\u00e9 \u00e0 la clart\u00e9, \u00e0 la puret\u00e9, \u00e0 la bont\u00e9, \u00e0 l'innocence et \u00e0 la \"perfection\". Le blanc est une couleur de protection, du divin, du sacr\u00e9. C'est une couleur qui n'absorbe ni ne d\u00e9gage de chaleur, le blanc est immacul\u00e9.<\/div>\n<div dir=\"auto\">Le blanc pur nous permet de nous connecter \u00e0 l'\u00e9ther et au divin.<\/div>\n<div dir=\"auto\">Souvent, nous oublions le cadeau de la vie, notre \u00ab soi \u00bb, notre \u00e2me, qui exprime notre capacit\u00e9 personnelle \u00e0 l'amour inconditionnel. Permets-toi d'\u00eatre heureux aujourd'hui, de profiter des expressions simples de la vie en ouvrant ton c\u0153ur et tes yeux \u00e0 la beaut\u00e9 qui t'entoure.<\/div>\n<\/div>\n<\/div>\n<\/div>\n<\/div>","_et_gb_content_width":"","slim_seo":{"title":"Tambour chamanique 35 cm Ch\u00e8vre sur Saule et Pierre de Lune - Sjamaan.nl\/fr","description":"Tambour chamanique 35 cm Ch\u00e8vre sur Saule et Pierre de Lune Depuis le d\u00e9but, lorsque Singing Drum a donn\u00e9 naissance \u00e0 ce tambour, il y avait une forte connexion"}},"product_brand":[],"product_cat":[1329],"product_tag":[1481,1554,1553,1510,1492,1547],"class_list":{"0":"post-24989","1":"product","2":"type-product","3":"status-publish","4":"has-post-thumbnail","6":"product_cat-tambours-de-guerison-de-singing-drum","7":"product_tag-chevre","8":"product_tag-oeil-de-tigre","9":"product_tag-pierre-de-lune","10":"product_tag-saule","11":"product_tag-tambour-chamanique","12":"product_tag-tambour-transe","13":"product_shipping_class-0-1-kilo-fr","15":"first","16":"outofstock","17":"sale","18":"sold-individually","19":"taxable","20":"shipping-taxable","21":"purchasable","22":"product-type-simple"},"acf":[],"_links":{"self":[{"href":"https:\/\/sjamaan.nl\/fr\/wp-json\/wp\/v2\/product\/24989","targetHints":{"allow":["GET"]}}],"collection":[{"href":"https:\/\/sjamaan.nl\/fr\/wp-json\/wp\/v2\/product"}],"about":[{"href":"https:\/\/sjamaan.nl\/fr\/wp-json\/wp\/v2\/types\/product"}],"replies":[{"embeddable":true,"href":"https:\/\/sjamaan.nl\/fr\/wp-json\/wp\/v2\/comments?post=24989"}],"wp:featuredmedia":[{"embeddable":true,"href":"https:\/\/sjamaan.nl\/fr\/wp-json\/wp\/v2\/media\/22152"}],"wp:attachment":[{"href":"https:\/\/sjamaan.nl\/fr\/wp-json\/wp\/v2\/media?parent=24989"}],"wp:term":[{"taxonomy":"product_brand","embeddable":true,"href":"https:\/\/sjamaan.nl\/fr\/wp-json\/wp\/v2\/product_brand?post=24989"},{"taxonomy":"product_cat","embeddable":true,"href":"https:\/\/sjamaan.nl\/fr\/wp-json\/wp\/v2\/product_cat?post=24989"},{"taxonomy":"product_tag","embeddable":true,"href":"https:\/\/sjamaan.nl\/fr\/wp-json\/wp\/v2\/product_tag?post=24989"}],"curies":[{"name":"wp","href":"https:\/\/api.w.org\/{rel}","templated":true}]}}