{"id":24834,"date":"2020-03-22T00:54:34","date_gmt":"2020-03-21T23:54:34","guid":{"rendered":"https:\/\/sjamaan.nl\/product\/kits-de-fabrication-de-tambour-diy-chevre\/"},"modified":"2026-03-12T17:08:25","modified_gmt":"2026-03-12T16:08:25","slug":"kits-de-fabrication-de-tambour-diy-chevre","status":"publish","type":"product","link":"https:\/\/sjamaan.nl\/fr\/produit\/kits-de-fabrication-de-tambour-diy-chevre\/","title":{"rendered":"Kit de fabrication de tambour DIY Ch\u00e8vre"},"content":{"rendered":"<p>[et_pb_section fb_built=\u00a0\u00bb1&Prime; _builder_version=\u00a0\u00bb4.16&Prime; _module_preset=\u00a0\u00bbdefault\u00a0\u00bb background_color=\u00a0\u00bb#322952&Prime; custom_margin=\u00a0\u00bb0px||0px||true|false\u00a0\u00bb custom_padding=\u00a0\u00bb0px||0px||true|false\u00a0\u00bb global_colors_info=\u00a0\u00bb{}\u00a0\u00bb][et_pb_row _builder_version=\u00a0\u00bb4.16&Prime; _module_preset=\u00a0\u00bbdefault\u00a0\u00bb custom_padding=\u00a0\u00bb10px||18px||false|false\u00a0\u00bb global_colors_info=\u00a0\u00bb{}\u00a0\u00bb][et_pb_column type=\u00a0\u00bb4_4&Prime; _builder_version=\u00a0\u00bb4.16&Prime; _module_preset=\u00a0\u00bbdefault\u00a0\u00bb global_colors_info=\u00a0\u00bb{}\u00a0\u00bb][et_pb_wc_title _builder_version=\u00a0\u00bb4.25.2&Prime; header_font=\u00a0\u00bbLato|||on|||||\u00a0\u00bb header_text_color=\u00a0\u00bb#ffffff\u00a0\u00bb header_font_size=\u00a0\u00bb29px\u00a0\u00bb header_letter_spacing=\u00a0\u00bb2px\u00a0\u00bb custom_padding=\u00a0\u00bb8px||0px||false|false\u00a0\u00bb header_font_size_tablet=\u00a0\u00bb29px\u00a0\u00bb header_font_size_phone=\u00a0\u00bb26px\u00a0\u00bb header_font_size_last_edited=\u00a0\u00bbon|phone\u00a0\u00bb global_colors_info=\u00a0\u00bb{}\u00a0\u00bb][\/et_pb_wc_title][\/et_pb_column][\/et_pb_row][\/et_pb_section][et_pb_section fb_built=\u00a0\u00bb1&Prime; _builder_version=\u00a0\u00bb4.16&Prime; background_color=\u00a0\u00bbrgba(255,237,206,0.5)\u00a0\u00bb custom_padding=\u00a0\u00bb0px||||false|false\u00a0\u00bb global_colors_info=\u00a0\u00bb{}\u00a0\u00bb][et_pb_row _builder_version=\u00a0\u00bb4.16&Prime; background_size=\u00a0\u00bbinitial\u00a0\u00bb background_position=\u00a0\u00bbtop_left\u00a0\u00bb background_repeat=\u00a0\u00bbrepeat\u00a0\u00bb global_colors_info=\u00a0\u00bb{}\u00a0\u00bb][et_pb_column type=\u00a0\u00bb4_4&Prime; _builder_version=\u00a0\u00bb4.16&Prime; custom_padding=\u00a0\u00bb|||\u00a0\u00bb global_colors_info=\u00a0\u00bb{}\u00a0\u00bb custom_padding__hover=\u00a0\u00bb|||\u00a0\u00bb][et_pb_wc_breadcrumb _builder_version=\u00a0\u00bb4.16&Prime; global_colors_info=\u00a0\u00bb{}\u00a0\u00bb][\/et_pb_wc_breadcrumb][et_pb_wc_cart_notice _builder_version=\u00a0\u00bb4.25.2&Prime; global_colors_info=\u00a0\u00bb{}\u00a0\u00bb][\/et_pb_wc_cart_notice][\/et_pb_column][\/et_pb_row][et_pb_row column_structure=\u00a0\u00bb1_2,1_2&Prime; _builder_version=\u00a0\u00bb4.16&Prime; background_size=\u00a0\u00bbinitial\u00a0\u00bb background_position=\u00a0\u00bbtop_left\u00a0\u00bb background_repeat=\u00a0\u00bbrepeat\u00a0\u00bb custom_padding=\u00a0\u00bb0px||||false|false\u00a0\u00bb global_colors_info=\u00a0\u00bb{}\u00a0\u00bb][et_pb_column type=\u00a0\u00bb1_2&Prime; _builder_version=\u00a0\u00bb4.16&Prime; custom_padding=\u00a0\u00bb|||\u00a0\u00bb global_colors_info=\u00a0\u00bb{}\u00a0\u00bb custom_padding__hover=\u00a0\u00bb|||\u00a0\u00bb][et_pb_wc_images _builder_version=\u00a0\u00bb4.16&Prime; global_colors_info=\u00a0\u00bb{}\u00a0\u00bb][\/et_pb_wc_images][\/et_pb_column][et_pb_column type=\u00a0\u00bb1_2&Prime; _builder_version=\u00a0\u00bb4.16&Prime; custom_padding=\u00a0\u00bb|||\u00a0\u00bb global_colors_info=\u00a0\u00bb{}\u00a0\u00bb custom_padding__hover=\u00a0\u00bb|||\u00a0\u00bb][et_pb_wc_title _builder_version=\u00a0\u00bb4.24.2&Prime; _module_preset=\u00a0\u00bbdefault\u00a0\u00bb header_level=\u00a0\u00bbh2&Prime; global_colors_info=\u00a0\u00bb{}\u00a0\u00bb][\/et_pb_wc_title][et_pb_wc_price _builder_version=\u00a0\u00bb4.16&Prime; global_colors_info=\u00a0\u00bb{}\u00a0\u00bb][\/et_pb_wc_price][et_pb_wc_description _builder_version=\u00a0\u00bb4.16&Prime; global_colors_info=\u00a0\u00bb{}\u00a0\u00bb][\/et_pb_wc_description][et_pb_wc_add_to_cart _builder_version=\u00a0\u00bb4.16&Prime; global_colors_info=\u00a0\u00bb{}\u00a0\u00bb][\/et_pb_wc_add_to_cart][et_pb_wc_rating _builder_version=\u00a0\u00bb4.16&Prime; rating_text_color=\u00a0\u00bb#5e50a1&Prime; global_colors_info=\u00a0\u00bb{}\u00a0\u00bb][\/et_pb_wc_rating][et_pb_wc_meta _builder_version=\u00a0\u00bb4.16&Prime; global_colors_info=\u00a0\u00bb{}\u00a0\u00bb][\/et_pb_wc_meta][\/et_pb_column][\/et_pb_row][et_pb_row _builder_version=\u00a0\u00bb4.25.2&Prime; _module_preset=\u00a0\u00bbdefault\u00a0\u00bb global_colors_info=\u00a0\u00bb{}\u00a0\u00bb][et_pb_column type=\u00a0\u00bb4_4&Prime; _builder_version=\u00a0\u00bb4.25.2&Prime; _module_preset=\u00a0\u00bbdefault\u00a0\u00bb global_colors_info=\u00a0\u00bb{}\u00a0\u00bb][et_pb_wc_tabs inactive_tab_background_color=\u00a0\u00bb#fdb913&Prime; _builder_version=\u00a0\u00bb4.16&Prime; global_colors_info=\u00a0\u00bb{}\u00a0\u00bb] [\/et_pb_wc_tabs][\/et_pb_column][\/et_pb_row][et_pb_row column_structure=\u00a0\u00bb1_3,1_3,1_3&Prime; _builder_version=\u00a0\u00bb4.25.2&Prime; _module_preset=\u00a0\u00bbdefault\u00a0\u00bb global_colors_info=\u00a0\u00bb{}\u00a0\u00bb][et_pb_column type=\u00a0\u00bb1_3&Prime; _builder_version=\u00a0\u00bb4.25.2&Prime; _module_preset=\u00a0\u00bbdefault\u00a0\u00bb global_colors_info=\u00a0\u00bb{}\u00a0\u00bb][et_pb_text _builder_version=\u00a0\u00bb4.25.2&Prime; _module_preset=\u00a0\u00bbdefault\u00a0\u00bb text_font=\u00a0\u00bb&#8211;et_global_heading_font|&#8211;et_global_heading_font_weight|||||||\u00a0\u00bb text_text_color=\u00a0\u00bbgcid-heading-color\u00a0\u00bb text_font_size=\u00a0\u00bb18px\u00a0\u00bb global_colors_info=\u00a0\u00bb{%22gcid-heading-color%22:%91%22text_text_color%22%93}\u00a0\u00bb]<\/p>\n<p>\u00c9tape 1<\/p>\n<p>[\/et_pb_text][et_pb_video src=\u00a0\u00bbhttps:\/\/youtu.be\/cF8oxdzQvbc\u00a0\u00bb _builder_version=\u00a0\u00bb4.16&Prime; _module_preset=\u00a0\u00bbdefault\u00a0\u00bb global_colors_info=\u00a0\u00bb{}\u00a0\u00bb][\/et_pb_video][et_pb_text _builder_version=\u00a0\u00bb4.27.2&Prime; _module_preset=\u00a0\u00bbdefault\u00a0\u00bb global_colors_info=\u00a0\u00bb{}\u00a0\u00bb]<\/p>\n<p>Avant de commencer, mettez la peau du tambour dans l&rsquo;eau pendant 2 heures. Avec la premi\u00e8re vid\u00e9o, vous posez les bases du tambour. Lisez le texte de la vid\u00e9o <a href=\"https:\/\/sjamaan.nl\/fr\/video-tutoriel-diy-partie-1-texte\/\">ici<\/a> <\/p>\n<p>[\/et_pb_text][et_pb_image src=\u00a0\u00bbhttps:\/\/sjamaan.nl\/wp-content\/uploads\/2021\/11\/Drum-Lacing-e1687789769841.jpg\u00a0\u00bb alt=\u00a0\u00bbVoici comment vous enfilez le tambour de 1 \u00e0 16.\u00a0\u00bb title_text=\u00a0\u00bbTension du tambour chamanique\u00a0\u00bb _builder_version=\u00a0\u00bb4.19.4&Prime; _module_preset=\u00a0\u00bbdefault\u00a0\u00bb global_colors_info=\u00a0\u00bb{}\u00a0\u00bb][\/et_pb_image][et_pb_image src=\u00a0\u00bbhttps:\/\/sjamaan.nl\/wp-content\/uploads\/2024\/10\/lacing-met-ring.png\u00a0\u00bb alt=\u00a0\u00bbVoici comment vous enfilez le tambour de 1 \u00e0 16.\u00a0\u00bb title_text=\u00a0\u00bbtension avec anneau\u00a0\u00bb _builder_version=\u00a0\u00bb4.27.2&Prime; _module_preset=\u00a0\u00bbdefault\u00a0\u00bb locked=\u00a0\u00bboff\u00a0\u00bb global_colors_info=\u00a0\u00bb{}\u00a0\u00bb][\/et_pb_image][\/et_pb_column][et_pb_column type=\u00a0\u00bb1_3&Prime; _builder_version=\u00a0\u00bb4.25.2&Prime; _module_preset=\u00a0\u00bbdefault\u00a0\u00bb global_colors_info=\u00a0\u00bb{}\u00a0\u00bb][et_pb_text _builder_version=\u00a0\u00bb4.25.2&Prime; _module_preset=\u00a0\u00bbdefault\u00a0\u00bb text_font=\u00a0\u00bb&#8211;et_global_heading_font|&#8211;et_global_heading_font_weight|||||||\u00a0\u00bb text_text_color=\u00a0\u00bbgcid-heading-color\u00a0\u00bb text_font_size=\u00a0\u00bb18px\u00a0\u00bb global_colors_info=\u00a0\u00bb{%22gcid-heading-color%22:%91%22text_text_color%22,%22text_text_color%22%93}\u00a0\u00bb]<\/p>\n<p>\u00c9tape 2<\/p>\n<p>[\/et_pb_text][et_pb_video src=\u00a0\u00bbhttps:\/\/youtu.be\/UZhdhB0PitY\u00a0\u00bb _builder_version=\u00a0\u00bb4.16&Prime; _module_preset=\u00a0\u00bbdefault\u00a0\u00bb global_colors_info=\u00a0\u00bb{}\u00a0\u00bb][\/et_pb_video][et_pb_text _builder_version=\u00a0\u00bb4.27.2&Prime; _module_preset=\u00a0\u00bbdefault\u00a0\u00bb global_colors_info=\u00a0\u00bb{}\u00a0\u00bb]<\/p>\n<p>Avec la deuxi\u00e8me vid\u00e9o, vous tendrez le tambour et cr\u00e9erez un joli manche. Lisez le texte de la vid\u00e9o <a href=\"https:\/\/sjamaan.nl\/fr\/video-tutoriel-diy-partie-2-texte\/\">ici<\/a><\/p>\n<p>[\/et_pb_text][\/et_pb_column][et_pb_column type=\u00a0\u00bb1_3&Prime; _builder_version=\u00a0\u00bb4.25.2&Prime; _module_preset=\u00a0\u00bbdefault\u00a0\u00bb global_colors_info=\u00a0\u00bb{}\u00a0\u00bb][et_pb_text _builder_version=\u00a0\u00bb4.25.2&Prime; _module_preset=\u00a0\u00bbdefault\u00a0\u00bb text_font=\u00a0\u00bb&#8211;et_global_heading_font|&#8211;et_global_heading_font_weight|||||||\u00a0\u00bb text_text_color=\u00a0\u00bbgcid-heading-color\u00a0\u00bb text_font_size=\u00a0\u00bb18px\u00a0\u00bb global_colors_info=\u00a0\u00bb{%22gcid-heading-color%22:%91%22text_text_color%22,%22text_text_color%22%93}\u00a0\u00bb]<\/p>\n<p>\u00c9tape 3<\/p>\n<p>[\/et_pb_text][et_pb_video src=\u00a0\u00bbhttps:\/\/youtu.be\/ryfXCxr7omE\u00a0\u00bb _builder_version=\u00a0\u00bb4.16&Prime; _module_preset=\u00a0\u00bbdefault\u00a0\u00bb global_colors_info=\u00a0\u00bb{}\u00a0\u00bb][\/et_pb_video][et_pb_text _builder_version=\u00a0\u00bb4.18.0&Prime; _module_preset=\u00a0\u00bbdefault\u00a0\u00bb global_colors_info=\u00a0\u00bb{}\u00a0\u00bb]<\/p>\n<p>Pr\u00eat pour la batterie ? Allez-y ! Voici <a href=\"https:\/\/www.sjamaan.nl\/DRUMINWIJDING.pdf\" title=\"PDF met inwijding sjamanendrum\">un PDF pratique<\/a> qui reprend l&rsquo;histoire point par point.  <\/p>\n<p>[\/et_pb_text][\/et_pb_column][\/et_pb_row][et_pb_row _builder_version=\u00a0\u00bb4.16&Prime; background_size=\u00a0\u00bbinitial\u00a0\u00bb background_position=\u00a0\u00bbtop_left\u00a0\u00bb background_repeat=\u00a0\u00bbrepeat\u00a0\u00bb global_colors_info=\u00a0\u00bb{}\u00a0\u00bb][et_pb_column type=\u00a0\u00bb4_4&Prime; _builder_version=\u00a0\u00bb4.16&Prime; custom_padding=\u00a0\u00bb|||\u00a0\u00bb global_colors_info=\u00a0\u00bb{}\u00a0\u00bb custom_padding__hover=\u00a0\u00bb|||\u00a0\u00bb][et_pb_wc_upsells _builder_version=\u00a0\u00bb4.16&Prime; global_colors_info=\u00a0\u00bb{}\u00a0\u00bb][\/et_pb_wc_upsells][et_pb_wc_related_products _builder_version=\u00a0\u00bb4.16&Prime; global_colors_info=\u00a0\u00bb{}\u00a0\u00bb][\/et_pb_wc_related_products][\/et_pb_column][\/et_pb_row][\/et_pb_section]<\/p>\n","protected":false},"excerpt":{"rendered":"<p>Avec ce kit de fabrication de tambour DIY en peau de ch\u00e8vre, tu construis ton propre tambour chamanique.<\/p>\n<p> Nous fournissons tout ce dont vous avez besoin, y compris des vid\u00e9os d&rsquo;instructions. Nos kits de tambour sont complets avec une peau, un cadre et une corde pour 16 points de la\u00e7age. Un <a href=\"https:\/\/sjamaan.nl\/product\/diy-drumstok\/\" target=\"_blank\" rel=\"noopener noreferrer\" data-auth=\"NotApplicable\" data-linkindex=\"0\">kit de b\u00e2ton<\/a> peut \u00eatre command\u00e9 en option. Beaucoup de plaisir et de succ\u00e8s !<\/p>\n","protected":false},"featured_media":29164,"comment_status":"open","ping_status":"closed","template":"","meta":{"_acf_changed":false,"_et_pb_use_builder":"on","_et_pb_old_content":"<h2>Corde color\u00e9e \u2013 4 longueurs diff\u00e9rentes<\/h2>\r\n<h3>De quelle quantit\u00e9 de corde ai-je besoin pour mon tambour chamanique avec poign\u00e9e en corde ?<\/h3>\r\nSelon vos souhaits pour votre tambour, vous aurez besoin d\u2019une certaine longueur de corde. Un tambour avec une poign\u00e9e en corde est fabriqu\u00e9 \u00e0 partir de deux ou trois longueurs de corde. Pour nos calculs, nous utilisons la m\u00e9thode expliqu\u00e9e dans les kits DIY de fabrication de tambours. Cliquez ici pour consulter les calculs pr\u00e9par\u00e9s : calcul de la quantit\u00e9 de corde pour un tambour chamanique. <a href=\"https:\/\/sjamaan.nl\/wp-content\/uploads\/2025\/12\/Berekening-hoeveelheid-touw-bij-een-sjamanendrum-1.pdf\" target=\"_blank\" rel=\"noopener\">Berekening hoeveelheid touw bij een sjamanendrum<\/a>\r\n\r\nVous pr\u00e9f\u00e9rez calculer vous-m\u00eame ? Vous trouverez ci-dessous les formules :\r\n\r\n\u00c9tape 1 : boucles\r\nLa premi\u00e8re longueur de corde sert \u00e0 cr\u00e9er les boucles. Cette corde est enfil\u00e9e dans la peau afin de former les boucles.\r\nFormule boucles = 1,5 \u00d7 circonf\u00e9rence du cadre + 0,30 m pour le n\u0153ud\r\n\r\n\u00c9tape 2 : cordages de tension\r\nLa formule suivante permet de calculer la longueur de corde n\u00e9cessaire pour les cordages de tension. S correspond au nombre de cordages de tension que vous souhaitez dans votre tambour (12, 16, 20, 24 cordages).\r\nFormule nombre de cordages de tension (S) = S \u00d7 (diam\u00e8tre du cadre + 15 cm) + 0,30 m pour le n\u0153ud\r\n\r\n\u00c9tape 3 : centre\r\nSouhaitez-vous donner aux pattes une couleur diff\u00e9rente de celle des cordages de tension ? C\u2019est tout \u00e0 fait possible. Apr\u00e8s avoir tendu les cordages, vous terminez le tambour sous le centre et nouez une corde d\u2019une autre couleur \u00e0 la fixation du cordage de tension. Vous obtenez alors un n\u0153ud suppl\u00e9mentaire sous le centre. Ensuite, vous commencez les pattes avec les enroulements autour des cordages de tension.\r\n\r\nCombien de pattes (P) souhaitez-vous pour votre tambour chamanique ? Quatre ou cinq ?\r\nFormule nombre de pattes (P) = P \u00d7 0,60 m + 0,30 m pour le n\u0153ud\r\n\r\nVous pr\u00e9f\u00e9rez ne pas calculer vous-m\u00eame ? Consultez ce PDF pratique : Calcul de la quantit\u00e9 de corde pour un tambour chamanique <a href=\"https:\/\/sjamaan.nl\/wp-content\/uploads\/2025\/12\/Berekening-hoeveelheid-touw-bij-een-sjamanendrum-1.pdf\" target=\"_blank\" rel=\"noopener\">Berekening hoeveelheid touw bij een sjamanendrum<\/a>\r\n<div class=\"term-description\">\r\n<h3>De quelle quantit\u00e9 de corde ai-je besoin pour mon tambour chamanique avec anneau m\u00e9tallique ?<\/h3>\r\nEn r\u00e9alit\u00e9, c\u2019est tr\u00e8s simple : avec un anneau m\u00e9tallique de 10 cm ou 15 cm, vous \u00e9conomisez 1 m\u00e8tre de corde, et avec un anneau m\u00e9tallique de 20 cm, vous \u00e9conomisez 2 m\u00e8tres de corde. Vous pouvez utiliser le m\u00eame PDF Calcul de la quantit\u00e9 de corde pour un tambour chamanique et additionner la longueur de corde des boucles et des cordages de tension, puis soustraire 1 ou 2 m\u00e8tres pour le centre. <a href=\"https:\/\/sjamaan.nl\/wp-content\/uploads\/2025\/12\/Berekening-hoeveelheid-touw-bij-een-sjamanendrum-1.pdf\" target=\"_blank\" rel=\"noopener\">Berekening hoeveelheid touw bij een sjamanendrum<\/a>\r\n<h3><strong>Sp\u00e9cifications de la corde :<\/strong><\/h3>\r\n<ul>\r\n \t<li>Diam\u00e8tre : environ 3 mm.<\/li>\r\n \t<li>Fils de haute qualit\u00e9.<\/li>\r\n \t<li>La gaine est compos\u00e9e de 16 brins.<\/li>\r\n \t<li>Le noyau contient 3 fils centraux.<\/li>\r\n \t<li>Force de rupture : 425 lbs\/kg (192 kg).<\/li>\r\n \t<li>Densit\u00e9 du nylon : 1,15 g\/cm\u00b3.<\/li>\r\n \t<li>Peut r\u00e9tr\u00e9cir de 5 \u00e0 10 % au contact de l'eau.<\/li>\r\n<\/ul>\r\n<\/div>","_et_gb_content_width":"","slim_seo":{"title":"Corde color\u00e9e \u2013 4 longueurs diff\u00e9rentes","description":"Corde color\u00e9e en 4 longueurs diff\u00e9rentes pour des tambours chamaniques uniques.25 couleurs diff\u00e9rentes en stock. Composez votre propre palette de couleurs pour votre tambour."}},"product_brand":[],"product_cat":[1236],"product_tag":[1491,1526,1517,1522,1518,1523,1524,1525,1527,1472,1519],"class_list":{"0":"post-24834","1":"product","2":"type-product","3":"status-publish","4":"has-post-thumbnail","6":"product_cat-kit-de-fabrication-de-tambour","7":"product_tag-cadre-de-tambour","8":"product_tag-chevre-rasee","9":"product_tag-complet","10":"product_tag-diy-fr-2","11":"product_tag-diy-fr","12":"product_tag-kit-de-fabrication","13":"product_tag-kit-de-fabrication-fr","14":"product_tag-kit-de-fabrication-fr-2","15":"product_tag-peau-de-chevre","16":"product_tag-peau-rasee-fr","17":"product_tag-peaux","18":"product_shipping_class-0-1-kilo-fr","20":"first","21":"instock","22":"taxable","23":"shipping-taxable","24":"purchasable","25":"product-type-variable","26":"has-default-attributes"},"acf":[],"_links":{"self":[{"href":"https:\/\/sjamaan.nl\/fr\/wp-json\/wp\/v2\/product\/24834","targetHints":{"allow":["GET"]}}],"collection":[{"href":"https:\/\/sjamaan.nl\/fr\/wp-json\/wp\/v2\/product"}],"about":[{"href":"https:\/\/sjamaan.nl\/fr\/wp-json\/wp\/v2\/types\/product"}],"replies":[{"embeddable":true,"href":"https:\/\/sjamaan.nl\/fr\/wp-json\/wp\/v2\/comments?post=24834"}],"wp:featuredmedia":[{"embeddable":true,"href":"https:\/\/sjamaan.nl\/fr\/wp-json\/wp\/v2\/media\/29164"}],"wp:attachment":[{"href":"https:\/\/sjamaan.nl\/fr\/wp-json\/wp\/v2\/media?parent=24834"}],"wp:term":[{"taxonomy":"product_brand","embeddable":true,"href":"https:\/\/sjamaan.nl\/fr\/wp-json\/wp\/v2\/product_brand?post=24834"},{"taxonomy":"product_cat","embeddable":true,"href":"https:\/\/sjamaan.nl\/fr\/wp-json\/wp\/v2\/product_cat?post=24834"},{"taxonomy":"product_tag","embeddable":true,"href":"https:\/\/sjamaan.nl\/fr\/wp-json\/wp\/v2\/product_tag?post=24834"}],"curies":[{"name":"wp","href":"https:\/\/api.w.org\/{rel}","templated":true}]}}