{"id":24530,"date":"2019-06-01T19:29:32","date_gmt":"2019-06-01T17:29:32","guid":{"rendered":"https:\/\/sjamaan.nl\/product\/cadres-speciaux-de-tambour-chamanique-ovales-et-en-forme-doeuf\/"},"modified":"2026-02-03T10:58:04","modified_gmt":"2026-02-03T09:58:04","slug":"cadres-speciaux-pour-tambour-chamanique-forme-ovale","status":"publish","type":"product","link":"https:\/\/sjamaan.nl\/fr\/produit\/cadres-speciaux-pour-tambour-chamanique-forme-ovale\/","title":{"rendered":"Cadres sp\u00e9ciaux pour tambour chamanique : forme ovale"},"content":{"rendered":"<p>[et_pb_section fb_built=\u00a0\u00bb1&Prime; _builder_version=\u00a0\u00bb4.16&Prime; _module_preset=\u00a0\u00bbdefault\u00a0\u00bb background_color=\u00a0\u00bb#322952&Prime; custom_margin=\u00a0\u00bb0px||0px||true|false\u00a0\u00bb custom_padding=\u00a0\u00bb0px||0px||true|false\u00a0\u00bb global_colors_info=\u00a0\u00bb{}\u00a0\u00bb][et_pb_row _builder_version=\u00a0\u00bb4.16&Prime; _module_preset=\u00a0\u00bbdefault\u00a0\u00bb custom_padding=\u00a0\u00bb10px||18px||false|false\u00a0\u00bb global_colors_info=\u00a0\u00bb{}\u00a0\u00bb][et_pb_column type=\u00a0\u00bb4_4&Prime; _builder_version=\u00a0\u00bb4.16&Prime; _module_preset=\u00a0\u00bbdefault\u00a0\u00bb global_colors_info=\u00a0\u00bb{}\u00a0\u00bb][et_pb_wc_title _builder_version=\u00a0\u00bb4.16&Prime; header_font=\u00a0\u00bbLato|||on|||||\u00a0\u00bb header_text_color=\u00a0\u00bb#ffffff\u00a0\u00bb header_font_size=\u00a0\u00bb29px\u00a0\u00bb header_letter_spacing=\u00a0\u00bb2px\u00a0\u00bb custom_padding=\u00a0\u00bb8px||0px||false|false\u00a0\u00bb global_colors_info=\u00a0\u00bb{}\u00a0\u00bb][\/et_pb_wc_title][\/et_pb_column][\/et_pb_row][\/et_pb_section][et_pb_section fb_built=\u00a0\u00bb1&Prime; _builder_version=\u00a0\u00bb4.16&Prime; background_color=\u00a0\u00bbrgba(255,237,206,0.5)\u00a0\u00bb custom_padding=\u00a0\u00bb0px||||false|false\u00a0\u00bb global_colors_info=\u00a0\u00bb{}\u00a0\u00bb][et_pb_row _builder_version=\u00a0\u00bb4.16&Prime; background_size=\u00a0\u00bbinitial\u00a0\u00bb background_position=\u00a0\u00bbtop_left\u00a0\u00bb background_repeat=\u00a0\u00bbrepeat\u00a0\u00bb global_colors_info=\u00a0\u00bb{}\u00a0\u00bb][et_pb_column type=\u00a0\u00bb4_4&Prime; _builder_version=\u00a0\u00bb4.16&Prime; custom_padding=\u00a0\u00bb|||\u00a0\u00bb global_colors_info=\u00a0\u00bb{}\u00a0\u00bb custom_padding__hover=\u00a0\u00bb|||\u00a0\u00bb][et_pb_wc_breadcrumb _builder_version=\u00a0\u00bb4.16&Prime; global_colors_info=\u00a0\u00bb{}\u00a0\u00bb][\/et_pb_wc_breadcrumb][et_pb_wc_cart_notice _builder_version=\u00a0\u00bb4.16&Prime; global_colors_info=\u00a0\u00bb{}\u00a0\u00bb][\/et_pb_wc_cart_notice][\/et_pb_column][\/et_pb_row][et_pb_row column_structure=\u00a0\u00bb1_2,1_2&Prime; _builder_version=\u00a0\u00bb4.16&Prime; background_size=\u00a0\u00bbinitial\u00a0\u00bb background_position=\u00a0\u00bbtop_left\u00a0\u00bb background_repeat=\u00a0\u00bbrepeat\u00a0\u00bb custom_padding=\u00a0\u00bb0px||||false|false\u00a0\u00bb global_colors_info=\u00a0\u00bb{}\u00a0\u00bb][et_pb_column type=\u00a0\u00bb1_2&Prime; _builder_version=\u00a0\u00bb4.16&Prime; custom_padding=\u00a0\u00bb|||\u00a0\u00bb global_colors_info=\u00a0\u00bb{}\u00a0\u00bb custom_padding__hover=\u00a0\u00bb|||\u00a0\u00bb][et_pb_wc_images _builder_version=\u00a0\u00bb4.16&Prime; global_colors_info=\u00a0\u00bb{}\u00a0\u00bb][\/et_pb_wc_images][\/et_pb_column][et_pb_column type=\u00a0\u00bb1_2&Prime; _builder_version=\u00a0\u00bb4.16&Prime; custom_padding=\u00a0\u00bb|||\u00a0\u00bb global_colors_info=\u00a0\u00bb{}\u00a0\u00bb custom_padding__hover=\u00a0\u00bb|||\u00a0\u00bb][et_pb_wc_title _builder_version=\u00a0\u00bb4.24.1&Prime; _module_preset=\u00a0\u00bbdefault\u00a0\u00bb header_level=\u00a0\u00bbh2&Prime; global_colors_info=\u00a0\u00bb{}\u00a0\u00bb][\/et_pb_wc_title][et_pb_wc_price _builder_version=\u00a0\u00bb4.16&Prime; global_colors_info=\u00a0\u00bb{}\u00a0\u00bb][\/et_pb_wc_price][et_pb_wc_description _builder_version=\u00a0\u00bb4.16&Prime; global_colors_info=\u00a0\u00bb{}\u00a0\u00bb][\/et_pb_wc_description][et_pb_wc_add_to_cart _builder_version=\u00a0\u00bb4.16&Prime; global_colors_info=\u00a0\u00bb{}\u00a0\u00bb][\/et_pb_wc_add_to_cart][et_pb_wc_rating _builder_version=\u00a0\u00bb4.16&Prime; rating_text_color=\u00a0\u00bb#5e50a1&Prime; global_colors_info=\u00a0\u00bb{}\u00a0\u00bb][\/et_pb_wc_rating][et_pb_wc_meta _builder_version=\u00a0\u00bb4.16&Prime; global_colors_info=\u00a0\u00bb{}\u00a0\u00bb][\/et_pb_wc_meta][\/et_pb_column][\/et_pb_row][et_pb_row _builder_version=\u00a0\u00bb4.16&Prime; background_size=\u00a0\u00bbinitial\u00a0\u00bb background_position=\u00a0\u00bbtop_left\u00a0\u00bb background_repeat=\u00a0\u00bbrepeat\u00a0\u00bb global_colors_info=\u00a0\u00bb{}\u00a0\u00bb][et_pb_column type=\u00a0\u00bb4_4&Prime; _builder_version=\u00a0\u00bb4.16&Prime; custom_padding=\u00a0\u00bb|||\u00a0\u00bb global_colors_info=\u00a0\u00bb{}\u00a0\u00bb custom_padding__hover=\u00a0\u00bb|||\u00a0\u00bb][et_pb_wc_tabs inactive_tab_background_color=\u00a0\u00bb#fdb913&Prime; _builder_version=\u00a0\u00bb4.16&Prime; global_colors_info=\u00a0\u00bb{}\u00a0\u00bb]\t\t\t\t\t[\/et_pb_wc_tabs][et_pb_wc_upsells _builder_version=\u00a0\u00bb4.16&Prime; global_colors_info=\u00a0\u00bb{}\u00a0\u00bb][\/et_pb_wc_upsells][et_pb_wc_related_products _builder_version=\u00a0\u00bb4.16&Prime; global_colors_info=\u00a0\u00bb{}\u00a0\u00bb][\/et_pb_wc_related_products][\/et_pb_column][\/et_pb_row][\/et_pb_section]<\/p>\n","protected":false},"excerpt":{"rendered":"<h2 dir=\"ltr\">Cadres sp\u00e9ciaux pour tambour chamanique : forme ovale<\/h2>\n<p>Cadres particuliers pour tambours chamaniques : en forme d\u2019\u0153uf, 6 cm de profondeur et plus \u00e9troits que les cadres classiques.<\/p>\n<p>&nbsp;<\/p>\n","protected":false},"featured_media":24144,"comment_status":"open","ping_status":"closed","template":"","meta":{"_acf_changed":false,"_et_pb_use_builder":"on","_et_pb_old_content":"<h2 dir=\"ltr\">Cadres sp\u00e9ciaux pour tambour chamanique : forme ovale<\/h2>\r\n<p dir=\"ltr\">Cadres sp\u00e9ciaux pour tambour chamanique : la forme ovale peut \u00eatre tendue avec toutes sortes de peaux, selon ta pr\u00e9f\u00e9rence, pour cr\u00e9er ton propre tambour sur cadre.<\/p>\r\n<p dir=\"ltr\">Chez Sjamaan.nl, tu peux acheter des cerceaux en forme d\u2019\u0153uf dans diff\u00e9rents formats :<\/p>\r\n<p dir=\"ltr\">Forme d'\u0153uf<\/p>\r\n\r\n<ul>\r\n \t<li dir=\"ltr\">42 cm, point le plus large 31 cm<\/li>\r\n \t<li dir=\"ltr\">47 cm, point le plus large 37 cm<\/li>\r\n \t<li>52 cm, point le plus large 42 cm<\/li>\r\n \t<li>57 cm, point le plus large 47 cm<\/li>\r\n \t<li>62 cm, point le plus large 47 cm<\/li>\r\n<\/ul>\r\n<h4 dir=\"ltr\">Commencez d\u00e8s aujourd'hui votre aventure de fabrication de tambour chamanique<\/h4>\r\n<p dir=\"ltr\">Faites l'exp\u00e9rience de la satisfaction de construire votre propre instrument. D\u00e9couvrez le pouvoir et la magie de ces tambours en construisant votre tambour spirituel avec des mat\u00e9riaux durables et de l'amour. Gr\u00e2ce \u00e0 nos <a href=\"https:\/\/sjamaan.nl\/product\/diy-drumbouw-pakket-nubische-hertengeit\/\" target=\"_blank\" rel=\"noopener noreferrer\" data-auth=\"NotApplicable\" data-linkindex=\"2\">vid\u00e9os d'instructions<\/a> faciles \u00e0 suivre, le processus devient une v\u00e9ritable aventure.<\/p>\r\n\r\n<h4 dir=\"ltr\">Instructions et inspiration \u00e9tape par \u00e9tape<\/h4>\r\n<p dir=\"ltr\">Gr\u00e2ce \u00e0 nos vid\u00e9os d'instruction sur les pages du <a href=\"https:\/\/sjamaan.nl\/product\/diy-drumbouw-pakket-paard\/\" target=\"_blank\" rel=\"noopener noreferrer\" data-auth=\"NotApplicable\" data-linkindex=\"3\">kit de construction de tambour DIY<\/a>, nous vous montrons comment construire votre propre tambour de chamanique, \u00e9tape par \u00e9tape. M\u00eame avec un tambour de chaman \u00e0 cadre sp\u00e9cial, ovale et ovo\u00efde, la fabrication d'un tambour se d\u00e9roule de la m\u00eame mani\u00e8re.<\/p>\r\n\r\n<h5 dir=\"ltr\">Mat\u00e9riaux durables et fournisseurs \u00e9thiques<\/h5>\r\n<p dir=\"ltr\">Nous sommes fiers de fournir des mat\u00e9riaux de la plus haute qualit\u00e9, provenant de sources durables. Nos cadres de tambour chamanique sont fabriqu\u00e9s \u00e0 partir de bois de haute qualit\u00e9, soigneusement s\u00e9lectionn\u00e9 pour sa durabilit\u00e9 et sa qualit\u00e9. Nous collaborons uniquement avec des fournisseurs qui partagent les m\u00eames valeurs, afin que vous puissiez construire votre propre tambour en toute confiance.<\/p>\r\n<p dir=\"ltr\"><\/p>","_et_gb_content_width":"","slim_seo":{"title":"Cadres sp\u00e9ciaux pour tambour chamanique : forme ovale","description":"Cadres sp\u00e9ciaux pour tambour chamanique : forme ovale pour un tambour chamanique original. Diff\u00e9rentes tailles des cadres en stock en m\u00fbrier, fr\u00eane et saule."}},"product_brand":[],"product_cat":[1255],"product_tag":[1507,1504,1505,1492,1506],"class_list":{"0":"post-24530","1":"product","2":"type-product","3":"status-publish","4":"has-post-thumbnail","6":"product_cat-cadres-tambours-chamanique","7":"product_tag-en-forme-doeuf","8":"product_tag-guerison","9":"product_tag-sjamaan-fr","10":"product_tag-tambour-chamanique","11":"product_tag-transe","12":"product_shipping_class-0-1-kilo-fr","14":"first","15":"instock","16":"taxable","17":"shipping-taxable","18":"purchasable","19":"product-type-variable","20":"has-default-attributes"},"acf":[],"_links":{"self":[{"href":"https:\/\/sjamaan.nl\/fr\/wp-json\/wp\/v2\/product\/24530","targetHints":{"allow":["GET"]}}],"collection":[{"href":"https:\/\/sjamaan.nl\/fr\/wp-json\/wp\/v2\/product"}],"about":[{"href":"https:\/\/sjamaan.nl\/fr\/wp-json\/wp\/v2\/types\/product"}],"replies":[{"embeddable":true,"href":"https:\/\/sjamaan.nl\/fr\/wp-json\/wp\/v2\/comments?post=24530"}],"wp:featuredmedia":[{"embeddable":true,"href":"https:\/\/sjamaan.nl\/fr\/wp-json\/wp\/v2\/media\/24144"}],"wp:attachment":[{"href":"https:\/\/sjamaan.nl\/fr\/wp-json\/wp\/v2\/media?parent=24530"}],"wp:term":[{"taxonomy":"product_brand","embeddable":true,"href":"https:\/\/sjamaan.nl\/fr\/wp-json\/wp\/v2\/product_brand?post=24530"},{"taxonomy":"product_cat","embeddable":true,"href":"https:\/\/sjamaan.nl\/fr\/wp-json\/wp\/v2\/product_cat?post=24530"},{"taxonomy":"product_tag","embeddable":true,"href":"https:\/\/sjamaan.nl\/fr\/wp-json\/wp\/v2\/product_tag?post=24530"}],"curies":[{"name":"wp","href":"https:\/\/api.w.org\/{rel}","templated":true}]}}