{"id":24448,"date":"2019-06-01T18:37:09","date_gmt":"2019-06-01T16:37:09","guid":{"rendered":"https:\/\/sjamaan.nl\/product\/peaux-rasee-de-tambour-diverses-especes-animales\/"},"modified":"2026-04-19T09:13:44","modified_gmt":"2026-04-19T07:13:44","slug":"peaux-rasee-de-tambour-diverses-especes-animales2","status":"publish","type":"product","link":"https:\/\/sjamaan.nl\/fr\/produit\/peaux-rasee-de-tambour-diverses-especes-animales2\/","title":{"rendered":"Peaux ras\u00e9e de tambour (diverses esp\u00e8ces animales)"},"content":{"rendered":"<p>[et_pb_section fb_built=\u00a0\u00bb1&Prime; _builder_version=\u00a0\u00bb4.16&Prime; _module_preset=\u00a0\u00bbdefault\u00a0\u00bb background_color=\u00a0\u00bb#322952&Prime; custom_margin=\u00a0\u00bb0px||0px||true|false\u00a0\u00bb custom_padding=\u00a0\u00bb0px||0px||true|false\u00a0\u00bb global_colors_info=\u00a0\u00bb{}\u00a0\u00bb][et_pb_row _builder_version=\u00a0\u00bb4.16&Prime; _module_preset=\u00a0\u00bbdefault\u00a0\u00bb custom_padding=\u00a0\u00bb10px||18px||false|false\u00a0\u00bb global_colors_info=\u00a0\u00bb{}\u00a0\u00bb][et_pb_column type=\u00a0\u00bb4_4&Prime; _builder_version=\u00a0\u00bb4.16&Prime; _module_preset=\u00a0\u00bbdefault\u00a0\u00bb global_colors_info=\u00a0\u00bb{}\u00a0\u00bb][et_pb_wc_title _builder_version=\u00a0\u00bb4.16&Prime; header_font=\u00a0\u00bbLato|||on|||||\u00a0\u00bb header_text_color=\u00a0\u00bb#ffffff\u00a0\u00bb header_font_size=\u00a0\u00bb29px\u00a0\u00bb header_letter_spacing=\u00a0\u00bb2px\u00a0\u00bb custom_padding=\u00a0\u00bb8px||0px||false|false\u00a0\u00bb global_colors_info=\u00a0\u00bb{}\u00a0\u00bb][\/et_pb_wc_title][\/et_pb_column][\/et_pb_row][\/et_pb_section][et_pb_section fb_built=\u00a0\u00bb1&Prime; _builder_version=\u00a0\u00bb4.16&Prime; background_color=\u00a0\u00bbrgba(255,237,206,0.5)\u00a0\u00bb custom_padding=\u00a0\u00bb0px||||false|false\u00a0\u00bb global_colors_info=\u00a0\u00bb{}\u00a0\u00bb][et_pb_row _builder_version=\u00a0\u00bb4.16&Prime; background_size=\u00a0\u00bbinitial\u00a0\u00bb background_position=\u00a0\u00bbtop_left\u00a0\u00bb background_repeat=\u00a0\u00bbrepeat\u00a0\u00bb global_colors_info=\u00a0\u00bb{}\u00a0\u00bb][et_pb_column type=\u00a0\u00bb4_4&Prime; _builder_version=\u00a0\u00bb4.16&Prime; custom_padding=\u00a0\u00bb|||\u00a0\u00bb global_colors_info=\u00a0\u00bb{}\u00a0\u00bb custom_padding__hover=\u00a0\u00bb|||\u00a0\u00bb][et_pb_wc_breadcrumb _builder_version=\u00a0\u00bb4.16&Prime; global_colors_info=\u00a0\u00bb{}\u00a0\u00bb][\/et_pb_wc_breadcrumb][et_pb_wc_cart_notice _builder_version=\u00a0\u00bb4.24.2&Prime; title_font_size=\u00a0\u00bb13px\u00a0\u00bb title_line_height=\u00a0\u00bb1.6em\u00a0\u00bb global_colors_info=\u00a0\u00bb{}\u00a0\u00bb][\/et_pb_wc_cart_notice][\/et_pb_column][\/et_pb_row][et_pb_row column_structure=\u00a0\u00bb1_2,1_2&Prime; _builder_version=\u00a0\u00bb4.16&Prime; background_size=\u00a0\u00bbinitial\u00a0\u00bb background_position=\u00a0\u00bbtop_left\u00a0\u00bb background_repeat=\u00a0\u00bbrepeat\u00a0\u00bb custom_padding=\u00a0\u00bb0px||||false|false\u00a0\u00bb global_colors_info=\u00a0\u00bb{}\u00a0\u00bb][et_pb_column type=\u00a0\u00bb1_2&Prime; _builder_version=\u00a0\u00bb4.16&Prime; custom_padding=\u00a0\u00bb|||\u00a0\u00bb global_colors_info=\u00a0\u00bb{}\u00a0\u00bb custom_padding__hover=\u00a0\u00bb|||\u00a0\u00bb][et_pb_wc_images _builder_version=\u00a0\u00bb4.16&Prime; global_colors_info=\u00a0\u00bb{}\u00a0\u00bb][\/et_pb_wc_images][\/et_pb_column][et_pb_column type=\u00a0\u00bb1_2&Prime; _builder_version=\u00a0\u00bb4.16&Prime; custom_padding=\u00a0\u00bb|||\u00a0\u00bb global_colors_info=\u00a0\u00bb{}\u00a0\u00bb custom_padding__hover=\u00a0\u00bb|||\u00a0\u00bb][et_pb_wc_title _builder_version=\u00a0\u00bb4.24.2&Prime; _module_preset=\u00a0\u00bbdefault\u00a0\u00bb header_level=\u00a0\u00bbh2&Prime; global_colors_info=\u00a0\u00bb{}\u00a0\u00bb][\/et_pb_wc_title][et_pb_wc_price _builder_version=\u00a0\u00bb4.16&Prime; global_colors_info=\u00a0\u00bb{}\u00a0\u00bb][\/et_pb_wc_price][et_pb_wc_description _builder_version=\u00a0\u00bb4.16&Prime; global_colors_info=\u00a0\u00bb{}\u00a0\u00bb][\/et_pb_wc_description][et_pb_wc_add_to_cart _builder_version=\u00a0\u00bb4.16&Prime; global_colors_info=\u00a0\u00bb{}\u00a0\u00bb][\/et_pb_wc_add_to_cart][et_pb_wc_rating _builder_version=\u00a0\u00bb4.16&Prime; rating_text_color=\u00a0\u00bb#5e50a1&Prime; global_colors_info=\u00a0\u00bb{}\u00a0\u00bb][\/et_pb_wc_rating][et_pb_wc_meta _builder_version=\u00a0\u00bb4.16&Prime; global_colors_info=\u00a0\u00bb{}\u00a0\u00bb][\/et_pb_wc_meta][\/et_pb_column][\/et_pb_row][et_pb_row _builder_version=\u00a0\u00bb4.16&Prime; background_size=\u00a0\u00bbinitial\u00a0\u00bb background_position=\u00a0\u00bbtop_left\u00a0\u00bb background_repeat=\u00a0\u00bbrepeat\u00a0\u00bb global_colors_info=\u00a0\u00bb{}\u00a0\u00bb][et_pb_column type=\u00a0\u00bb4_4&Prime; _builder_version=\u00a0\u00bb4.16&Prime; custom_padding=\u00a0\u00bb|||\u00a0\u00bb global_colors_info=\u00a0\u00bb{}\u00a0\u00bb custom_padding__hover=\u00a0\u00bb|||\u00a0\u00bb][et_pb_wc_tabs include_tabs=\u00a0\u00bbdescription|additional_information|\u00a0\u00bb _builder_version=\u00a0\u00bb4.27.2&Prime; global_colors_info=\u00a0\u00bb{}\u00a0\u00bb]\t\t\t\t\t[\/et_pb_wc_tabs][et_pb_wc_upsells _builder_version=\u00a0\u00bb4.16&Prime; global_colors_info=\u00a0\u00bb{}\u00a0\u00bb][\/et_pb_wc_upsells][et_pb_wc_related_products _builder_version=\u00a0\u00bb4.16&Prime; global_colors_info=\u00a0\u00bb{}\u00a0\u00bb][\/et_pb_wc_related_products][\/et_pb_column][\/et_pb_row][\/et_pb_section]<\/p>\n","protected":false},"excerpt":{"rendered":"<p dir=\"ltr\">Peaux ras\u00e9e de tambour (diverses esp\u00e8ces animales), \u00e9galement appel\u00e9es parchemin ou peau ras\u00e9e, adapt\u00e9es aux tambours chamaniques, djemb\u00e9s et timbales, pour faire ressortir les harmoniques.<\/p>\n<p>&nbsp;<\/p>\n","protected":false},"featured_media":29498,"comment_status":"open","ping_status":"closed","template":"","meta":{"_acf_changed":false,"_et_pb_use_builder":"on","_et_pb_old_content":"<h2 dir=\"ltr\">Drumvellen kaal (verscheidene diersoorten)<\/h2>\r\n<p dir=\"ltr\">Drumvellen kaal (verscheidene diersoorten) zijn zeer geschikt om een eigen sjamanendrum mee te bespannen.En niet alleen een sjamanendrum! De drumvellen zijn ook zeer geschikt voor djemb\u00e9s, bohdran, tifas en pauken en alle andere drum met een dierenvel erop gespannen.<\/p>\r\n<p dir=\"ltr\">Wij hebben een grote verscheidenheid aan dierenhuiden op voorraad voor het bouwen van je eigen spirituele drum. Wat kies jij voor jouw healingdrum?<\/p>\r\n\r\n<ul>\r\n \t<li dir=\"ltr\">\r\n<p dir=\"ltr\" role=\"presentation\">geitenhuid<\/p>\r\n<\/li>\r\n \t<li dir=\"ltr\">\r\n<p dir=\"ltr\" role=\"presentation\">koeienhuid<\/p>\r\n<\/li>\r\n \t<li dir=\"ltr\">\r\n<p dir=\"ltr\" role=\"presentation\">kalfshuid<\/p>\r\n<\/li>\r\n \t<li dir=\"ltr\">\r\n<p dir=\"ltr\" role=\"presentation\">waterbuffelhuid<\/p>\r\n<\/li>\r\n \t<li dir=\"ltr\">\r\n<p dir=\"ltr\" role=\"presentation\">kamelenhuid<\/p>\r\n<\/li>\r\n \t<li dir=\"ltr\">\r\n<p dir=\"ltr\" role=\"presentation\">nubische geitenhuid<\/p>\r\n<\/li>\r\n \t<li dir=\"ltr\">paardenhuid<\/li>\r\n<\/ul>\r\n<p dir=\"ltr\">Onze kale drumvellen (ook wel rawhide of perkament genoemd) zijn schoon en glad geprepareerd. De haarwortels zijn verwijderd.<\/p>\r\n\r\n<h2 dir=\"ltr\">Kale drumhuiden<\/h2>\r\n<p dir=\"ltr\">Eenmaal op een drumframe gespannen, geven kale drumhuiden vaak een hoge, volle klank met veel boventonen. Bij Sjamaan.nl kun je ook een glad drumvel kopen voor djemb\u00e9s en pauken. Om een djemb\u00e9 te maken of te repareren raden we kale geitenvellen aan. Voor pauken zijn de transparante geitenvellen geschikt. Deze kale drumvellen zijn dun en geven opgespannen een prachtige paukeklank.<\/p>\r\n<p dir=\"ltr\">Je kan eventueel de kale sjamanendrum zelf beschilderen met acrylverf of er met een watervaste stift op tekenen.<\/p>\r\n<p dir=\"ltr\">Wij hebben Drumvellen kaal (verscheidene diersoorten) met doorsneden van 35 en 100 centimeter op voorraad, passend op drumframes van 25 tot 90 centimeter.\u00a0 Reken minimaal 10 centimeter bij de ketel om de huid goed te spannen.<\/p>\r\n<p dir=\"ltr\">Heb je een voorkeur voor een dikte van een drumhuid: laat het weten bij het afrekenen en het invullen van je adresgegevens. Rechts onderin is een vrij in te vullen veld voor opmerkingen!<\/p>\r\n\r\n<h3 dir=\"ltr\">Respect voor de spirit van het dier<\/h3>\r\n<p dir=\"ltr\">Huiden zijn een natuurlijk product van een levend wezen, een spirit. Daarom kopen wij de huiden voor onze sjamanendrums en de drumvellen waarmee jij je eigen spirituele drum of medicijndrum kan maken bewust in. De spirit van het dier krijgt met het ontstaan van de sjamanendrum een nieuw leven en kan veel goeds doen in zijn nieuwe hoedanigheid.<\/p>\r\n<p dir=\"ltr\">Wij hebben al 25 jaar ervaring met de in- en verkoop van drumvellen, hebben goed contact met onze leveranciers in Pakistan en weten daardoor zeker dat er respectvol met de dieren is omgegaan en dat ze niet zijn gedood voor hun huid.<\/p>\r\n<p dir=\"ltr\"><\/p>","_et_gb_content_width":"","slim_seo":{"title":"Drumvellen kaal (verscheidene diersoorten) in alle diktes en maten","description":"Drumvellen kaal (verscheidene diersoorten) geschikt voor sjamanendrums, djemb\u00e9 of pauken. Drumhuiden direct uit voorraad leverbaar."}},"product_brand":[],"product_cat":[1244],"product_tag":[1478,1469,1474,1472,1473,1475,1471,1467,1477,1476,1479],"class_list":{"0":"post-24448","1":"product","2":"type-product","3":"status-publish","4":"has-post-thumbnail","6":"product_cat-les-peaux-pour-tambour-chamanique","7":"product_tag-des-peaux-pour-votre-tambour-de-chamanique","8":"product_tag-feuilles-de-tambour","9":"product_tag-feuilles-de-timbales","10":"product_tag-peau-rasee-fr","11":"product_tag-peau-rasee-fr-2","12":"product_tag-peaux-de-djembe","13":"product_tag-peaux-de-tambour","14":"product_tag-peaux-rasee","15":"product_tag-peaux-rasee-fr","16":"product_tag-peaux-rasee-de-tambour","17":"product_tag-peaux-rasee-de-tambour-transparentes","18":"product_shipping_class-0-1-kilo-fr","20":"first","21":"instock","22":"taxable","23":"shipping-taxable","24":"purchasable","25":"product-type-variable","26":"has-default-attributes"},"acf":[],"_links":{"self":[{"href":"https:\/\/sjamaan.nl\/fr\/wp-json\/wp\/v2\/product\/24448","targetHints":{"allow":["GET"]}}],"collection":[{"href":"https:\/\/sjamaan.nl\/fr\/wp-json\/wp\/v2\/product"}],"about":[{"href":"https:\/\/sjamaan.nl\/fr\/wp-json\/wp\/v2\/types\/product"}],"replies":[{"embeddable":true,"href":"https:\/\/sjamaan.nl\/fr\/wp-json\/wp\/v2\/comments?post=24448"}],"wp:featuredmedia":[{"embeddable":true,"href":"https:\/\/sjamaan.nl\/fr\/wp-json\/wp\/v2\/media\/29498"}],"wp:attachment":[{"href":"https:\/\/sjamaan.nl\/fr\/wp-json\/wp\/v2\/media?parent=24448"}],"wp:term":[{"taxonomy":"product_brand","embeddable":true,"href":"https:\/\/sjamaan.nl\/fr\/wp-json\/wp\/v2\/product_brand?post=24448"},{"taxonomy":"product_cat","embeddable":true,"href":"https:\/\/sjamaan.nl\/fr\/wp-json\/wp\/v2\/product_cat?post=24448"},{"taxonomy":"product_tag","embeddable":true,"href":"https:\/\/sjamaan.nl\/fr\/wp-json\/wp\/v2\/product_tag?post=24448"}],"curies":[{"name":"wp","href":"https:\/\/api.w.org\/{rel}","templated":true}]}}