{"id":27861,"date":"2022-09-22T15:08:28","date_gmt":"2022-09-22T13:08:28","guid":{"rendered":"https:\/\/sjamaan.nl\/product\/schamanische-rasseln\/"},"modified":"2025-12-20T08:38:51","modified_gmt":"2025-12-20T07:38:51","slug":"schamanische-rasseln","status":"publish","type":"product","link":"https:\/\/sjamaan.nl\/de\/produkt\/schamanische-rasseln\/","title":{"rendered":"Schamanische Rasseln"},"content":{"rendered":"<p>[et_pb_section fb_built=&#8220;1&#8243; _builder_version=&#8220;4.16&#8243; custom_padding=&#8220;0px||||false|false&#8220; global_colors_info=&#8220;{}&#8220;][et_pb_row _builder_version=&#8220;4.16&#8243; background_size=&#8220;initial&#8220; background_position=&#8220;top_left&#8220; background_repeat=&#8220;repeat&#8220; width=&#8220;100%&#8220; custom_padding=&#8220;0px||0px||false|false&#8220; global_colors_info=&#8220;{}&#8220;][et_pb_column type=&#8220;4_4&#8243; _builder_version=&#8220;4.16&#8243; custom_padding=&#8220;|||&#8220; global_colors_info=&#8220;{}&#8220; custom_padding__hover=&#8220;|||&#8220;][et_pb_wc_breadcrumb _builder_version=&#8220;4.16&#8243; global_colors_info=&#8220;{}&#8220;][\/et_pb_wc_breadcrumb][et_pb_wc_cart_notice _builder_version=&#8220;4.16&#8243; global_colors_info=&#8220;{}&#8220;][\/et_pb_wc_cart_notice][\/et_pb_column][\/et_pb_row][et_pb_row column_structure=&#8220;1_2,1_2&#8243; _builder_version=&#8220;4.16&#8243; background_size=&#8220;initial&#8220; background_position=&#8220;top_left&#8220; background_repeat=&#8220;repeat&#8220; width=&#8220;100%&#8220; custom_padding=&#8220;0px||||false|false&#8220; global_colors_info=&#8220;{}&#8220;][et_pb_column type=&#8220;1_2&#8243; _builder_version=&#8220;4.16&#8243; custom_padding=&#8220;|||&#8220; global_colors_info=&#8220;{}&#8220; custom_padding__hover=&#8220;|||&#8220;][et_pb_wc_images _builder_version=&#8220;4.16&#8243; global_colors_info=&#8220;{}&#8220;][\/et_pb_wc_images][\/et_pb_column][et_pb_column type=&#8220;1_2&#8243; _builder_version=&#8220;4.16&#8243; custom_padding=&#8220;|||&#8220; global_colors_info=&#8220;{}&#8220; custom_padding__hover=&#8220;|||&#8220;][et_pb_wc_title _builder_version=&#8220;4.16&#8243; global_colors_info=&#8220;{}&#8220;][\/et_pb_wc_title][et_pb_wc_rating _builder_version=&#8220;4.16&#8243; global_colors_info=&#8220;{}&#8220;][\/et_pb_wc_rating][et_pb_wc_price _builder_version=&#8220;4.16&#8243; global_colors_info=&#8220;{}&#8220;][\/et_pb_wc_price][et_pb_wc_description _builder_version=&#8220;4.16&#8243; global_colors_info=&#8220;{}&#8220;][\/et_pb_wc_description][et_pb_wc_add_to_cart _builder_version=&#8220;4.19.4&#8243; global_colors_info=&#8220;{}&#8220;][\/et_pb_wc_add_to_cart][et_pb_wc_meta _builder_version=&#8220;4.16&#8243; global_colors_info=&#8220;{}&#8220;][\/et_pb_wc_meta][\/et_pb_column][\/et_pb_row][et_pb_row _builder_version=&#8220;4.16&#8243; background_size=&#8220;initial&#8220; background_position=&#8220;top_left&#8220; background_repeat=&#8220;repeat&#8220; width=&#8220;100%&#8220; global_colors_info=&#8220;{}&#8220;][et_pb_column type=&#8220;4_4&#8243; _builder_version=&#8220;4.16&#8243; custom_padding=&#8220;|||&#8220; global_colors_info=&#8220;{}&#8220; custom_padding__hover=&#8220;|||&#8220;][et_pb_wc_tabs _builder_version=&#8220;4.16&#8243; global_colors_info=&#8220;{}&#8220;] [\/et_pb_wc_tabs][et_pb_wc_upsells _builder_version=&#8220;4.16&#8243; global_colors_info=&#8220;{}&#8220;][\/et_pb_wc_upsells][et_pb_wc_related_products _builder_version=&#8220;4.16&#8243; global_colors_info=&#8220;{}&#8220;][\/et_pb_wc_related_products][\/et_pb_column][\/et_pb_row][\/et_pb_section]<\/p>\n","protected":false},"excerpt":{"rendered":"<p>Schamanische Rasseln sind eine sch\u00f6ne Erg\u00e4nzung zu deiner Schamanentrommel. Perfekt, um deinen Heilungen eine zus\u00e4tzliche Dimension zu verleihen, w\u00e4hrend eines Trommelkreises in tiefere Ebenen einzutauchen oder dich auf eine Trancereise mitzunehmen. Hast du eine Farbvorliebe? Gib es im Bestellvorgang im Feld f\u00fcr Anmerkungen an.<\/p>\n","protected":false},"featured_media":29176,"comment_status":"open","ping_status":"closed","template":"","meta":{"_acf_changed":false,"_et_pb_use_builder":"on","_et_pb_old_content":"<h1>Sjamanistische ratels<\/h1>\r\nSjamanistische ratels zijn het tweede instrument dat je vaak gebruikt ziet worden bij rituelen en ceremonies die door sjamanen begeleid worden. Het geluid heeft net als bij de drum een trance-effect in de hersenen door de lichte trilling. sjamanistische ratels worden ook gebruikt om energie mee te verplaatsten of te verspreiden.\r\n\r\nDeze ratels zijn toegankelijk en makkelijk in gebruik als je je verder wil verdiepen in de wereld van het sjamanisme.\r\n\r\nDe handgemaakte sjamanistische ratels zijn ongeveer 17 cm hoog en liggen met het houten handvat makkelijk in de hand. De ratels zijn een mix van buffelhuid en koeienhuid en gevuld met kleine steentjes.\r\n\r\n&nbsp;","_et_gb_content_width":"","slim_seo":{"title":"Schamanische Rasseln koop je bij Sjamaan.nl\/de","description":"Mooie sjamanistische ratels gemaakt van koe en buffelhuid. Ze zijn een mooie aanvulling bij in een drumcirkel, trancereis of healing."}},"product_brand":[],"product_cat":[1242],"product_tag":[1595,1691,1690,1597],"class_list":{"0":"post-27861","1":"product","2":"type-product","3":"status-publish","4":"has-post-thumbnail","6":"product_cat-trommelschlaeger-und-ratels-de","7":"product_tag-heilung","8":"product_tag-rasseln","9":"product_tag-sjamaan-trance-de","10":"product_tag-trance-de","11":"product_shipping_class-0-1-kilo-de","13":"first","14":"instock","15":"sale","16":"taxable","17":"shipping-taxable","18":"purchasable","19":"product-type-simple"},"acf":[],"_links":{"self":[{"href":"https:\/\/sjamaan.nl\/de\/wp-json\/wp\/v2\/product\/27861","targetHints":{"allow":["GET"]}}],"collection":[{"href":"https:\/\/sjamaan.nl\/de\/wp-json\/wp\/v2\/product"}],"about":[{"href":"https:\/\/sjamaan.nl\/de\/wp-json\/wp\/v2\/types\/product"}],"replies":[{"embeddable":true,"href":"https:\/\/sjamaan.nl\/de\/wp-json\/wp\/v2\/comments?post=27861"}],"wp:featuredmedia":[{"embeddable":true,"href":"https:\/\/sjamaan.nl\/de\/wp-json\/wp\/v2\/media\/29176"}],"wp:attachment":[{"href":"https:\/\/sjamaan.nl\/de\/wp-json\/wp\/v2\/media?parent=27861"}],"wp:term":[{"taxonomy":"product_brand","embeddable":true,"href":"https:\/\/sjamaan.nl\/de\/wp-json\/wp\/v2\/product_brand?post=27861"},{"taxonomy":"product_cat","embeddable":true,"href":"https:\/\/sjamaan.nl\/de\/wp-json\/wp\/v2\/product_cat?post=27861"},{"taxonomy":"product_tag","embeddable":true,"href":"https:\/\/sjamaan.nl\/de\/wp-json\/wp\/v2\/product_tag?post=27861"}],"curies":[{"name":"wp","href":"https:\/\/api.w.org\/{rel}","templated":true}]}}