{"id":27652,"date":"2024-12-04T17:07:43","date_gmt":"2024-12-04T16:07:43","guid":{"rendered":"https:\/\/sjamaan.nl\/product\/schamanentrommeln-pferd-und-kuh-40-cm\/"},"modified":"2026-03-16T15:12:57","modified_gmt":"2026-03-16T14:12:57","slug":"schamanentrommeln-pferd-und-kuh-40-cm","status":"publish","type":"product","link":"https:\/\/sjamaan.nl\/de\/produkt\/schamanentrommeln-pferd-und-kuh-40-cm\/","title":{"rendered":"Schamanentrommeln Pferd und Kuh 40 cm"},"content":{"rendered":"<p>[et_pb_section fb_built=&#8220;1&#8243; _builder_version=&#8220;4.16&#8243; _module_preset=&#8220;default&#8220; background_color=&#8220;#322952&#8243; custom_margin=&#8220;0px||0px||true|false&#8220; custom_padding=&#8220;0px||0px||true|false&#8220; global_colors_info=&#8220;{}&#8220;][et_pb_row _builder_version=&#8220;4.16&#8243; _module_preset=&#8220;default&#8220; custom_padding=&#8220;10px||18px||false|false&#8220; global_colors_info=&#8220;{}&#8220;][et_pb_column type=&#8220;4_4&#8243; _builder_version=&#8220;4.16&#8243; _module_preset=&#8220;default&#8220; global_colors_info=&#8220;{}&#8220;][et_pb_wc_title _builder_version=&#8220;4.16&#8243; header_font=&#8220;Lato|||on|||||&#8220; header_text_color=&#8220;#ffffff&#8220; header_font_size=&#8220;29px&#8220; header_letter_spacing=&#8220;2px&#8220; custom_padding=&#8220;8px||0px||false|false&#8220; global_colors_info=&#8220;{}&#8220;][\/et_pb_wc_title][\/et_pb_column][\/et_pb_row][\/et_pb_section][et_pb_section fb_built=&#8220;1&#8243; _builder_version=&#8220;4.16&#8243; background_color=&#8220;rgba(255,237,206,0.5)&#8220; custom_padding=&#8220;0px||||false|false&#8220; global_colors_info=&#8220;{}&#8220;][et_pb_row _builder_version=&#8220;4.16&#8243; background_size=&#8220;initial&#8220; background_position=&#8220;top_left&#8220; background_repeat=&#8220;repeat&#8220; global_colors_info=&#8220;{}&#8220;][et_pb_column type=&#8220;4_4&#8243; _builder_version=&#8220;4.16&#8243; custom_padding=&#8220;|||&#8220; global_colors_info=&#8220;{}&#8220; custom_padding__hover=&#8220;|||&#8220;][et_pb_wc_breadcrumb _builder_version=&#8220;4.16&#8243; global_colors_info=&#8220;{}&#8220;][\/et_pb_wc_breadcrumb][et_pb_wc_cart_notice _builder_version=&#8220;4.16&#8243; global_colors_info=&#8220;{}&#8220;][\/et_pb_wc_cart_notice][\/et_pb_column][\/et_pb_row][et_pb_row column_structure=&#8220;1_2,1_2&#8243; _builder_version=&#8220;4.16&#8243; background_size=&#8220;initial&#8220; background_position=&#8220;top_left&#8220; background_repeat=&#8220;repeat&#8220; custom_padding=&#8220;0px||||false|false&#8220; global_colors_info=&#8220;{}&#8220;][et_pb_column type=&#8220;1_2&#8243; _builder_version=&#8220;4.16&#8243; custom_padding=&#8220;|||&#8220; global_colors_info=&#8220;{}&#8220; custom_padding__hover=&#8220;|||&#8220;][et_pb_wc_images _builder_version=&#8220;4.16&#8243; global_colors_info=&#8220;{}&#8220;][\/et_pb_wc_images][\/et_pb_column][et_pb_column type=&#8220;1_2&#8243; _builder_version=&#8220;4.16&#8243; custom_padding=&#8220;|||&#8220; global_colors_info=&#8220;{}&#8220; custom_padding__hover=&#8220;|||&#8220;][et_pb_wc_title _builder_version=&#8220;4.25.0&#8243; _module_preset=&#8220;default&#8220; header_level=&#8220;h2&#8243; global_colors_info=&#8220;{}&#8220;][\/et_pb_wc_title][et_pb_wc_price _builder_version=&#8220;4.16&#8243; global_colors_info=&#8220;{}&#8220;][\/et_pb_wc_price][et_pb_wc_description _builder_version=&#8220;4.16&#8243; global_colors_info=&#8220;{}&#8220;][\/et_pb_wc_description][et_pb_wc_add_to_cart _builder_version=&#8220;4.16&#8243; global_colors_info=&#8220;{}&#8220;][\/et_pb_wc_add_to_cart][et_pb_wc_rating _builder_version=&#8220;4.16&#8243; rating_text_color=&#8220;#5e50a1&#8243; global_colors_info=&#8220;{}&#8220;][\/et_pb_wc_rating][et_pb_wc_meta _builder_version=&#8220;4.16&#8243; global_colors_info=&#8220;{}&#8220;][\/et_pb_wc_meta][\/et_pb_column][\/et_pb_row][et_pb_row _builder_version=&#8220;4.16&#8243; background_size=&#8220;initial&#8220; background_position=&#8220;top_left&#8220; background_repeat=&#8220;repeat&#8220; global_colors_info=&#8220;{}&#8220;][et_pb_column type=&#8220;4_4&#8243; _builder_version=&#8220;4.16&#8243; custom_padding=&#8220;|||&#8220; global_colors_info=&#8220;{}&#8220; custom_padding__hover=&#8220;|||&#8220;][et_pb_wc_tabs inactive_tab_background_color=&#8220;#fdb913&#8243; _builder_version=&#8220;4.16&#8243; global_colors_info=&#8220;{}&#8220;] [\/et_pb_wc_tabs][et_pb_wc_upsells _builder_version=&#8220;4.16&#8243; global_colors_info=&#8220;{}&#8220;][\/et_pb_wc_upsells][et_pb_wc_related_products _builder_version=&#8220;4.16&#8243; global_colors_info=&#8220;{}&#8220;][\/et_pb_wc_related_products][\/et_pb_column][\/et_pb_row][\/et_pb_section]<\/p>\n","protected":false},"excerpt":{"rendered":"<p>Perfekte Trommel f\u00fcr einen Anf\u00e4nger auf dem schamanischen Weg. Die Energie des Tieres steckt in diesen Trommeln, und zusammen mit der Energie des Baumes k\u00f6nnen sie es kaum erwarten, Sch\u00f6nes in die Welt zu bringen. Jetzt mit einem regul\u00e4ren doppelseitigen Schl\u00e4gel dabei!  <\/p>\n","protected":false},"featured_media":28168,"comment_status":"open","ping_status":"closed","template":"","meta":{"_acf_changed":false,"_et_pb_use_builder":"on","_et_pb_old_content":"<h2>Schamanentrommeln Pferd und Kuh 40 cm<\/h2>\nF\u00fchlst du dich mit der Kuh oder dem Pferd verbunden? Versuche zuerst zu f\u00fchlen und zu meditieren, bevor du die Bedeutung liest!\n<h3>Die H\u00e4ute der Schamanentrommeln aus Pferde- und Kuhhaut, 40 cm<\/h3>\n<ul>\n \t<li>Die Kuh<\/li>\n<\/ul>\nEine Schamanentrommel aus Kuhfell hat eine tiefe spirituelle Bedeutung, die Nahrung, F\u00fclle, m\u00fctterliche Energie, Erdung, Stabilit\u00e4t und Gemeinschaft umfasst. Die Verwendung dieser Trommel in schamanischen Praktiken kann die spirituelle Reise bereichern, den Heilungsprozess f\u00f6rdern und eine tiefe Verbindung zur spirituellen Welt herstellen. Durch die Einbeziehung der Energie der Kuhhaut k\u00f6nnen schamanische Rituale und Zeremonien eine neue Tiefe und Kraft erlangen, die es dem Trommler und der Gemeinschaft erm\u00f6glicht, ein vertieftes Gef\u00fchl der Verbundenheit und Transformation zu erfahren.   Lies<a href=\"https:\/\/sjamaan.nl\/de-spirituele-betekenis-van-koe-in-sjamanendrums\/\"> hier<\/a> Mehr \u00fcber die spirituelle Bedeutung der Kuh\n<ul>\n \t<li>Das Pferd<\/li>\n<\/ul>\nDas Pferd symbolisiert pers\u00f6nlichen Antrieb, Leidenschaft und ein tiefes Verlangen nach Freiheit. Von allen spirituellen Tieren ist das Pferd eines der st\u00e4rksten Symbole f\u00fcr Motivation; es ist ein Tier, das einen durchs Leben tr\u00e4gt. Pferde verk\u00f6rpern unsere innere St\u00e4rke und Intuition. Typisch f\u00fcr das Pferd als Symbol ist die Verbindung mit k\u00f6rperlicher St\u00e4rke und Vitalit\u00e4t, aber auch mit unserer psychologischen und emotionalen F\u00e4higkeit, durchzuhalten. Je nachdem, was das Pferd pers\u00f6nlich f\u00fcr dich bedeutet, kann es ein Symbol f\u00fcr deine F\u00e4higkeit sein, Hindernisse im Leben zu \u00fcberwinden und deine Ziele weiter zu verfolgen \u2013 ganz gleich, was dir in den Weg kommt.    \n<h3>Das Holz der Schamanentrommeln aus Pferde- und Kuhhaut, 40 cm<\/h3>\n<ul>\n \t<li>Esche<\/li>\n<\/ul>\nObwohl die spezifische spirituelle Bedeutung der Esche subjektiv sein mag. Dennoch k\u00f6nnen wir den Baum als ein Symbol f\u00fcr Widerstandsf\u00e4higkeit, Wachstum, Transformation und Erdung betrachten. Er l\u00e4dt uns dazu ein, unsere innere St\u00e4rke zu entdecken und anzunehmen. Wir bewegen uns mit den Str\u00f6mungen des Wandels in unserem Leben. Die Esche soll uns daran erinnern, auf unserem spirituellen Weg standhaft zu bleiben. W\u00e4hrend wir gleichzeitig offen f\u00fcr Wachstum und Transformation sind.      Lies <a href=\"https:\/\/sjamaan.nl\/de-spirituele-betekenis-es\/\">hier<\/a> mehr!\n<ul>\n \t<li>Weide<\/li>\n<\/ul>\nIhre Elemente sind Wasser und Erde. Die Symbolik der Weide hat einen hellen und einen dunklen Aspekt.<strong> Licht:<\/strong> St\u00e4rke, Flexibilit\u00e4t, Transformation, Ehrlichkeit, Spontaneit\u00e4t, Trost, Heilung, Tod und Wiedergeburt. <strong>Dunkel: <\/strong>Aberglaube, Melancholie, Phlegmatismus, Selbstmordneigung, Opferrolle.  Lies <a href=\"https:\/\/sjamaan.nl\/de-spirituele-betekenis-van-wilg\/\">hier<\/a> mehr!\n<ul>\n \t<li>Ahorn<\/li>\n<\/ul>\nAhorn symbolisiert St\u00e4rke, Schutz, Ewigkeit und G\u00f6ttlichkeit. Auch <a href=\"https:\/\/sjamaan.nl\/spirituele-betekenis-esdoorn\/\">hier<\/a> kannst du mehr lesen!\n<ul>\n \t<li>Palisander<\/li>\n<\/ul>\nPalisanderholz hat eine spirituelle Bedeutung, die mit Erdung, Schutz und spirituellem Wachstum verbunden ist. Es wird wegen seiner Sch\u00f6nheit gesch\u00e4tzt und h\u00e4ufig in spirituellen Praktiken verwendet, um eine ruhige und sch\u00fctzende Umgebung zu schaffen. Es l\u00e4dt zu einer tieferen Verbindung mit der Natur ein und unterst\u00fctzt die spirituelle Reise eines Individuums. Lies <a href=\"https:\/\/sjamaan.nl\/de-spirituele-betekenis-van-palissander\/\">hier<\/a> mehr \u00fcber Palisander\n<ul>\n \t<li>Maulbeer<\/li>\n<\/ul>\nDer Maulbeerbaum symbolisiert den <g id=\"gid_0\">Weg zur Erleuchtung <\/g>und erinnert uns daran, dass spirituelles Wachstum f\u00fcr jeden m\u00f6glich ist. Er erinnert uns daran, wie wichtig Stille, Meditation und Selbstreflexion f\u00fcr unser Streben nach innerem Frieden und Verst\u00e4ndnis sind. ","_et_gb_content_width":"","slim_seo":{"title":"Schamanentrommeln Pferd und Kuh 40 cm","description":"Schamanentrommeln aus Pferde- und Kuhhaut, 40 cm \u2013 verschiedene Designs und Holzarten auf Lager. Perfekt f\u00fcr angehende Trommler."}},"product_brand":[],"product_cat":[1335],"product_tag":[],"class_list":{"0":"post-27652","1":"product","2":"type-product","3":"status-publish","4":"has-post-thumbnail","6":"product_cat-weitere-schamanentrommeln","7":"product_shipping_class-0-1-kilo-de","9":"first","10":"instock","11":"sale","12":"taxable","13":"shipping-taxable","14":"purchasable","15":"product-type-variable"},"acf":[],"_links":{"self":[{"href":"https:\/\/sjamaan.nl\/de\/wp-json\/wp\/v2\/product\/27652","targetHints":{"allow":["GET"]}}],"collection":[{"href":"https:\/\/sjamaan.nl\/de\/wp-json\/wp\/v2\/product"}],"about":[{"href":"https:\/\/sjamaan.nl\/de\/wp-json\/wp\/v2\/types\/product"}],"replies":[{"embeddable":true,"href":"https:\/\/sjamaan.nl\/de\/wp-json\/wp\/v2\/comments?post=27652"}],"wp:featuredmedia":[{"embeddable":true,"href":"https:\/\/sjamaan.nl\/de\/wp-json\/wp\/v2\/media\/28168"}],"wp:attachment":[{"href":"https:\/\/sjamaan.nl\/de\/wp-json\/wp\/v2\/media?parent=27652"}],"wp:term":[{"taxonomy":"product_brand","embeddable":true,"href":"https:\/\/sjamaan.nl\/de\/wp-json\/wp\/v2\/product_brand?post=27652"},{"taxonomy":"product_cat","embeddable":true,"href":"https:\/\/sjamaan.nl\/de\/wp-json\/wp\/v2\/product_cat?post=27652"},{"taxonomy":"product_tag","embeddable":true,"href":"https:\/\/sjamaan.nl\/de\/wp-json\/wp\/v2\/product_tag?post=27652"}],"curies":[{"name":"wp","href":"https:\/\/api.w.org\/{rel}","templated":true}]}}