{"id":27050,"date":"2022-06-08T15:05:11","date_gmt":"2022-06-08T13:05:11","guid":{"rendered":"https:\/\/sjamaan.nl\/product\/metall-trommelring\/"},"modified":"2025-11-01T12:45:21","modified_gmt":"2025-11-01T11:45:21","slug":"metall-trommelring","status":"publish","type":"product","link":"https:\/\/sjamaan.nl\/de\/produkt\/metall-trommelring\/","title":{"rendered":"Metall-Trommelring"},"content":{"rendered":"<h1>Metall-Trommelring<\/h1>\n<p>Diese praktischen Metallringe f\u00fcr Trommeln, gefertigt aus etwa 3 mm dickem Metalldraht, lassen sich vielseitig einsetzen. Besonders gut eignen sie sich, um deiner Schamanentrommel ein stabiles Zentrum zu geben oder eine verstellbare Trommel zu bauen. Auch ein spezieller Griff oder sch\u00f6ne Verzierungen lassen sich damit gestalten. Erh\u00e4ltlich in den handlichen Gr\u00f6\u00dfen 10 cm, 15 cm und 20 cm.   <\/p>\n<ul>\n<li>10\u202fcm = f\u00fcr Trommeln mit weniger als 40\u202fcm Durchmesser<\/li>\n<li>15\u202fcm = f\u00fcr Trommeln mit mehr als 40\u202fcm Durchmesser<\/li>\n<li>20\u202fcm = f\u00fcr Trommeln mit mehr als 50\u202fcm Durchmesser<\/li>\n<\/ul>\n<p>&nbsp;<\/p>\n<p>&nbsp;<\/p>\n","protected":false},"excerpt":{"rendered":"<p>Der Metall-Trommelring dient dazu, deine Trommel auf besondere Weise mit einem selbstgemachten Griff zu verzieren oder eine verstellbare Trommel herzustellen.<\/p>\n","protected":false},"featured_media":21279,"comment_status":"open","ping_status":"closed","template":"","meta":{"_acf_changed":false,"_et_pb_use_builder":"","_et_pb_old_content":"","_et_gb_content_width":"","slim_seo":{"title":"Metall-Trommelring kaufst du auch bei Sjamaan.nl","description":"Metall-Trommelring eignet sich hervorragend zur Herstellung des Innenrings deiner Schamanentrommel \u2013 f\u00fcr verstellbare Trommeln oder zur Verzierung im Herzen deiner Trommel!"}},"product_brand":[],"product_cat":[1258,1316],"product_tag":[1632,1296,1631],"class_list":{"0":"post-27050","1":"product","2":"type-product","3":"status-publish","4":"has-post-thumbnail","6":"product_cat-zubehoer-fuer-den-trommelbau","7":"product_cat-metall-trommelring","8":"product_tag-metall-trommelring","9":"product_tag-schamanentrommel","10":"product_tag-trommel-bau","11":"product_shipping_class-0-1-kilo-de","13":"first","14":"instock","15":"taxable","16":"shipping-taxable","17":"purchasable","18":"product-type-variable","19":"has-default-attributes"},"acf":[],"_links":{"self":[{"href":"https:\/\/sjamaan.nl\/de\/wp-json\/wp\/v2\/product\/27050","targetHints":{"allow":["GET"]}}],"collection":[{"href":"https:\/\/sjamaan.nl\/de\/wp-json\/wp\/v2\/product"}],"about":[{"href":"https:\/\/sjamaan.nl\/de\/wp-json\/wp\/v2\/types\/product"}],"replies":[{"embeddable":true,"href":"https:\/\/sjamaan.nl\/de\/wp-json\/wp\/v2\/comments?post=27050"}],"wp:featuredmedia":[{"embeddable":true,"href":"https:\/\/sjamaan.nl\/de\/wp-json\/wp\/v2\/media\/21279"}],"wp:attachment":[{"href":"https:\/\/sjamaan.nl\/de\/wp-json\/wp\/v2\/media?parent=27050"}],"wp:term":[{"taxonomy":"product_brand","embeddable":true,"href":"https:\/\/sjamaan.nl\/de\/wp-json\/wp\/v2\/product_brand?post=27050"},{"taxonomy":"product_cat","embeddable":true,"href":"https:\/\/sjamaan.nl\/de\/wp-json\/wp\/v2\/product_cat?post=27050"},{"taxonomy":"product_tag","embeddable":true,"href":"https:\/\/sjamaan.nl\/de\/wp-json\/wp\/v2\/product_tag?post=27050"}],"curies":[{"name":"wp","href":"https:\/\/api.w.org\/{rel}","templated":true}]}}