{"id":27038,"date":"2024-06-15T12:38:27","date_gmt":"2024-06-15T10:38:27","guid":{"rendered":"https:\/\/sjamaan.nl\/product\/lace-rawhide\/"},"modified":"2026-02-24T18:22:47","modified_gmt":"2026-02-24T17:22:47","slug":"lace-raw-hide-2","status":"publish","type":"product","link":"https:\/\/sjamaan.nl\/de\/produkt\/lace-raw-hide-2\/","title":{"rendered":"Lace RawHide"},"content":{"rendered":"<p>[et_pb_section fb_built=&#8220;1&#8243; _builder_version=&#8220;4.16&#8243; custom_padding=&#8220;0px||||false|false&#8220; global_colors_info=&#8220;{}&#8220;][et_pb_row _builder_version=&#8220;4.16&#8243; background_size=&#8220;initial&#8220; background_position=&#8220;top_left&#8220; background_repeat=&#8220;repeat&#8220; width=&#8220;100%&#8220; custom_padding=&#8220;0px||0px||false|false&#8220; global_colors_info=&#8220;{}&#8220;][et_pb_column type=&#8220;4_4&#8243; _builder_version=&#8220;4.16&#8243; custom_padding=&#8220;|||&#8220; global_colors_info=&#8220;{}&#8220; custom_padding__hover=&#8220;|||&#8220;][et_pb_wc_breadcrumb _builder_version=&#8220;4.16&#8243; global_colors_info=&#8220;{}&#8220;][\/et_pb_wc_breadcrumb][et_pb_wc_cart_notice _builder_version=&#8220;4.16&#8243; global_colors_info=&#8220;{}&#8220;][\/et_pb_wc_cart_notice][\/et_pb_column][\/et_pb_row][et_pb_row column_structure=&#8220;1_2,1_2&#8243; _builder_version=&#8220;4.16&#8243; background_size=&#8220;initial&#8220; background_position=&#8220;top_left&#8220; background_repeat=&#8220;repeat&#8220; width=&#8220;100%&#8220; custom_padding=&#8220;0px||||false|false&#8220; global_colors_info=&#8220;{}&#8220;][et_pb_column type=&#8220;1_2&#8243; _builder_version=&#8220;4.16&#8243; custom_padding=&#8220;|||&#8220; global_colors_info=&#8220;{}&#8220; custom_padding__hover=&#8220;|||&#8220;][et_pb_wc_images _builder_version=&#8220;4.16&#8243; global_colors_info=&#8220;{}&#8220;][\/et_pb_wc_images][\/et_pb_column][et_pb_column type=&#8220;1_2&#8243; _builder_version=&#8220;4.16&#8243; custom_padding=&#8220;|||&#8220; global_colors_info=&#8220;{}&#8220; custom_padding__hover=&#8220;|||&#8220;][et_pb_wc_title _builder_version=&#8220;4.16&#8243; global_colors_info=&#8220;{}&#8220;][\/et_pb_wc_title][et_pb_wc_rating _builder_version=&#8220;4.16&#8243; global_colors_info=&#8220;{}&#8220;][\/et_pb_wc_rating][et_pb_wc_price _builder_version=&#8220;4.16&#8243; global_colors_info=&#8220;{}&#8220;][\/et_pb_wc_price][et_pb_wc_description _builder_version=&#8220;4.16&#8243; global_colors_info=&#8220;{}&#8220;][\/et_pb_wc_description][et_pb_wc_add_to_cart _builder_version=&#8220;4.16&#8243; global_colors_info=&#8220;{}&#8220;][\/et_pb_wc_add_to_cart][et_pb_wc_meta _builder_version=&#8220;4.16&#8243; global_colors_info=&#8220;{}&#8220;][\/et_pb_wc_meta][\/et_pb_column][\/et_pb_row][et_pb_row _builder_version=&#8220;4.16&#8243; background_size=&#8220;initial&#8220; background_position=&#8220;top_left&#8220; background_repeat=&#8220;repeat&#8220; width=&#8220;100%&#8220; global_colors_info=&#8220;{}&#8220;][et_pb_column type=&#8220;4_4&#8243; _builder_version=&#8220;4.16&#8243; custom_padding=&#8220;|||&#8220; global_colors_info=&#8220;{}&#8220; custom_padding__hover=&#8220;|||&#8220;][et_pb_wc_tabs include_tabs=&#8220;description|&#8220; _builder_version=&#8220;4.24.0&#8243; global_colors_info=&#8220;{}&#8220;]\t\t\t\t\t[\/et_pb_wc_tabs][et_pb_wc_upsells _builder_version=&#8220;4.16&#8243; global_colors_info=&#8220;{}&#8220;][\/et_pb_wc_upsells][et_pb_wc_related_products _builder_version=&#8220;4.16&#8243; global_colors_info=&#8220;{}&#8220;][\/et_pb_wc_related_products][\/et_pb_column][\/et_pb_row][\/et_pb_section]<\/p>\n","protected":false},"excerpt":{"rendered":"<p>Rohhaut-Lace aus Wasserb\u00fcffelhaut zum Bespannen deiner Schamanentrommel. Breite ca. 1 cm und Dicke 0,1\u20130,2 cm, 18 Meter lang. <\/p>\n<p>&nbsp;<\/p>\n","protected":false},"featured_media":22325,"comment_status":"open","ping_status":"closed","template":"","meta":{"_acf_changed":false,"_et_pb_use_builder":"on","_et_pb_old_content":"<h2>Lace RawHide<\/h2>\nF\u00fcr eine 100\u202f% nat\u00fcrliche Trommel verwendest du Lace Rawhide aus Wasserb\u00fcffelhaut. Die Haut des Wasserb\u00fcffels eignet sich hervorragend als Schn\u00fcrung f\u00fcr deine Schamanentrommel. Die Dicke der Haut ist gleichm\u00e4\u00dfig, wodurch das Risiko eines Rei\u00dfens minimiert wird. Die Breite der Lace betr\u00e4gt etwa 1\u202fcm. Das Zuschneiden der Haut ist Handarbeit und erfolgt nicht maschinell.\n\nDurch die Verwendung von Lace Rawhide in deiner Trommel flie\u00dft zus\u00e4tzliche Energie ein, was deine Trommel kraftvoller macht. Lees <a href=\"https:\/\/sjamaan.nl\/spirituele-betekenis-waterbuffel\/\">hier<\/a> mehr \u00fcber die spirituelle Bedeutung des Wasserb\u00fcffels\n<h3 dir=\"ltr\">Respekt vor dem Geist des Tieres<\/h3>\n<p dir=\"ltr\">H\u00e4ute sind ein Naturprodukt eines lebenden Wesens, eines Geistes Deshalb kaufen wir die H\u00e4ute f\u00fcr unsere Schamanentrommeln und Trommelfelle, mit denen du deine eigene spirituelle oder Heiltrommel bauen kannst, bewusst ein Mit 25 Jahren Erfahrung im Handel mit H\u00e4uten pflegen wir einen guten Kontakt zu unseren Lieferanten in Pakistan und stellen sicher, dass die Tiere mit Respekt behandelt und nicht nur wegen ihrer H\u00e4ute get\u00f6tet wurden. Dadurch erh\u00e4lt der Geist des Tieres ein neues Leben und kann in seiner neuen Funktion viel Gutes tun. Bei Shaman.de k\u00f6nnen Sie sich der besten Qualit\u00e4t sicher sein. <\/p>\n<p dir=\"ltr\"><\/p>","_et_gb_content_width":"","slim_seo":{"description":"Rohhaut-Lace aus Wasserb\u00fcffelhaut f\u00fcr eine 100 % nat\u00fcrliche Schamanentrommel. 18 Meter lang und 1 cm breit, ideal zum Bespannen deiner Schamanentrommel.","title":"Lace RawHide - Sjamaan.nl\/de"}},"product_brand":[],"product_cat":[1258,1274],"product_tag":[],"class_list":{"0":"post-27038","1":"product","2":"type-product","3":"status-publish","4":"has-post-thumbnail","6":"product_cat-zubehoer-fuer-den-trommelbau","7":"product_cat-lace-raw-hide-de","9":"first","10":"instock","11":"taxable","12":"shipping-taxable","13":"purchasable","14":"product-type-variable"},"acf":[],"_links":{"self":[{"href":"https:\/\/sjamaan.nl\/de\/wp-json\/wp\/v2\/product\/27038","targetHints":{"allow":["GET"]}}],"collection":[{"href":"https:\/\/sjamaan.nl\/de\/wp-json\/wp\/v2\/product"}],"about":[{"href":"https:\/\/sjamaan.nl\/de\/wp-json\/wp\/v2\/types\/product"}],"replies":[{"embeddable":true,"href":"https:\/\/sjamaan.nl\/de\/wp-json\/wp\/v2\/comments?post=27038"}],"wp:featuredmedia":[{"embeddable":true,"href":"https:\/\/sjamaan.nl\/de\/wp-json\/wp\/v2\/media\/22325"}],"wp:attachment":[{"href":"https:\/\/sjamaan.nl\/de\/wp-json\/wp\/v2\/media?parent=27038"}],"wp:term":[{"taxonomy":"product_brand","embeddable":true,"href":"https:\/\/sjamaan.nl\/de\/wp-json\/wp\/v2\/product_brand?post=27038"},{"taxonomy":"product_cat","embeddable":true,"href":"https:\/\/sjamaan.nl\/de\/wp-json\/wp\/v2\/product_cat?post=27038"},{"taxonomy":"product_tag","embeddable":true,"href":"https:\/\/sjamaan.nl\/de\/wp-json\/wp\/v2\/product_tag?post=27038"}],"curies":[{"name":"wp","href":"https:\/\/api.w.org\/{rel}","templated":true}]}}