{"id":26960,"date":"2019-12-16T00:51:19","date_gmt":"2019-12-15T23:51:19","guid":{"rendered":"https:\/\/sjamaan.nl\/product\/rahmen-fuer-doppelte-schamanentrommel\/"},"modified":"2026-02-03T11:14:12","modified_gmt":"2026-02-03T10:14:12","slug":"rahmen-fuer-doppelte-schamanentrommel","status":"publish","type":"product","link":"https:\/\/sjamaan.nl\/de\/produkt\/rahmen-fuer-doppelte-schamanentrommel\/","title":{"rendered":"Rahmen f\u00fcr doppelte Schamanentrommel"},"content":{"rendered":"<p>[et_pb_section fb_built=&#8220;1&#8243; _builder_version=&#8220;4.16&#8243; _module_preset=&#8220;default&#8220; background_color=&#8220;#322952&#8243; custom_margin=&#8220;0px||0px||true|false&#8220; custom_padding=&#8220;0px||0px||true|false&#8220; global_colors_info=&#8220;{}&#8220;][et_pb_row _builder_version=&#8220;4.16&#8243; _module_preset=&#8220;default&#8220; custom_padding=&#8220;10px||18px||false|false&#8220; global_colors_info=&#8220;{}&#8220;][et_pb_column type=&#8220;4_4&#8243; _builder_version=&#8220;4.16&#8243; _module_preset=&#8220;default&#8220; global_colors_info=&#8220;{}&#8220;][et_pb_wc_title _builder_version=&#8220;4.16&#8243; header_font=&#8220;Lato|||on|||||&#8220; header_text_color=&#8220;#ffffff&#8220; header_font_size=&#8220;29px&#8220; header_letter_spacing=&#8220;2px&#8220; custom_padding=&#8220;8px||0px||false|false&#8220; global_colors_info=&#8220;{}&#8220;][\/et_pb_wc_title][\/et_pb_column][\/et_pb_row][\/et_pb_section][et_pb_section fb_built=&#8220;1&#8243; _builder_version=&#8220;4.16&#8243; background_color=&#8220;rgba(255,237,206,0.5)&#8220; custom_padding=&#8220;0px||||false|false&#8220; global_colors_info=&#8220;{}&#8220;][et_pb_row _builder_version=&#8220;4.16&#8243; background_size=&#8220;initial&#8220; background_position=&#8220;top_left&#8220; background_repeat=&#8220;repeat&#8220; global_colors_info=&#8220;{}&#8220;][et_pb_column type=&#8220;4_4&#8243; _builder_version=&#8220;4.16&#8243; custom_padding=&#8220;|||&#8220; global_colors_info=&#8220;{}&#8220; custom_padding__hover=&#8220;|||&#8220;][et_pb_wc_breadcrumb _builder_version=&#8220;4.16&#8243; global_colors_info=&#8220;{}&#8220;][\/et_pb_wc_breadcrumb][et_pb_wc_cart_notice _builder_version=&#8220;4.16&#8243; global_colors_info=&#8220;{}&#8220;][\/et_pb_wc_cart_notice][\/et_pb_column][\/et_pb_row][et_pb_row column_structure=&#8220;1_2,1_2&#8243; _builder_version=&#8220;4.16&#8243; background_size=&#8220;initial&#8220; background_position=&#8220;top_left&#8220; background_repeat=&#8220;repeat&#8220; custom_padding=&#8220;0px||||false|false&#8220; global_colors_info=&#8220;{}&#8220;][et_pb_column type=&#8220;1_2&#8243; _builder_version=&#8220;4.16&#8243; custom_padding=&#8220;|||&#8220; global_colors_info=&#8220;{}&#8220; custom_padding__hover=&#8220;|||&#8220;][et_pb_wc_images _builder_version=&#8220;4.16&#8243; global_colors_info=&#8220;{}&#8220;][\/et_pb_wc_images][\/et_pb_column][et_pb_column type=&#8220;1_2&#8243; _builder_version=&#8220;4.16&#8243; custom_padding=&#8220;|||&#8220; global_colors_info=&#8220;{}&#8220; custom_padding__hover=&#8220;|||&#8220;][et_pb_wc_title _builder_version=&#8220;4.24.2&#8243; _module_preset=&#8220;default&#8220; header_level=&#8220;h2&#8243; global_colors_info=&#8220;{}&#8220;][\/et_pb_wc_title][et_pb_wc_price _builder_version=&#8220;4.16&#8243; global_colors_info=&#8220;{}&#8220;][\/et_pb_wc_price][et_pb_wc_description _builder_version=&#8220;4.16&#8243; global_colors_info=&#8220;{}&#8220;][\/et_pb_wc_description][et_pb_wc_add_to_cart _builder_version=&#8220;4.16&#8243; global_colors_info=&#8220;{}&#8220;][\/et_pb_wc_add_to_cart][et_pb_wc_rating _builder_version=&#8220;4.16&#8243; rating_text_color=&#8220;#5e50a1&#8243; global_colors_info=&#8220;{}&#8220;][\/et_pb_wc_rating][et_pb_wc_meta _builder_version=&#8220;4.16&#8243; global_colors_info=&#8220;{}&#8220;][\/et_pb_wc_meta][\/et_pb_column][\/et_pb_row][et_pb_row _builder_version=&#8220;4.16&#8243; background_size=&#8220;initial&#8220; background_position=&#8220;top_left&#8220; background_repeat=&#8220;repeat&#8220; global_colors_info=&#8220;{}&#8220;][et_pb_column type=&#8220;4_4&#8243; _builder_version=&#8220;4.16&#8243; custom_padding=&#8220;|||&#8220; global_colors_info=&#8220;{}&#8220; custom_padding__hover=&#8220;|||&#8220;][et_pb_wc_tabs inactive_tab_background_color=&#8220;#fdb913&#8243; _builder_version=&#8220;4.16&#8243; global_colors_info=&#8220;{}&#8220;]\t\t\t\t\t[\/et_pb_wc_tabs][et_pb_wc_upsells _builder_version=&#8220;4.16&#8243; global_colors_info=&#8220;{}&#8220;][\/et_pb_wc_upsells][et_pb_wc_related_products _builder_version=&#8220;4.16&#8243; global_colors_info=&#8220;{}&#8220;][\/et_pb_wc_related_products][\/et_pb_column][\/et_pb_row][\/et_pb_section]<\/p>\n","protected":false},"excerpt":{"rendered":"<p>Rahmen f\u00fcr doppelte Schamanentrommel. Auf einem solchen speziellen Rahmen kannst du zwei verschiedene Felle spannen und eine doppelte Trommel bauen. Das vereint das Beste aus zwei Welten: Ober- und Untert\u00f6ne gleichzeitig.  <\/p>\n<p>&nbsp;<\/p>\n<p>&nbsp;<\/p>\n","protected":false},"featured_media":28227,"comment_status":"open","ping_status":"closed","template":"","meta":{"_acf_changed":false,"_et_pb_use_builder":"on","_et_pb_old_content":"<h2 dir=\"ltr\">Rahmen f\u00fcr doppelte Schamanentrommel<\/h2>\n<p dir=\"ltr\">Dieser Trommelrahmen f\u00fcr eine doppelte Trommel wird mit zwei Fellen bespannt, jeweils auf einer Seite. Durch die Tiefe von 15 Zentimetern ist es m\u00f6glich, beide Felle unter Spannung zu bringen. Sowohl ein behaartes als auch ein haarloses Fell ist daf\u00fcr geeignet.  <\/p>\n<p dir=\"ltr\">Nasse Felle dehnen sich aus, aber durch das Trocknen schrumpfen sie, wodurch die Trommeln ihren eigenen Klang erhalten. Bei Sjamaan.nl kaufst du den Rahmen f\u00fcr eine doppelte Trommel aus Weidenholz, damit deine Trommel nicht zu schwer wird. <\/p>\n<p dir=\"ltr\">Wir haben den Trommelrahmen f\u00fcr eine doppelte Trommel in zwei Gr\u00f6\u00dfen auf Lager: 45 Zentimeter und 50 Zentimeter Durchmesser. Zwei Felle mit 65 Zentimetern passen perfekt darauf. <\/p>\n\n<h4 dir=\"ltr\">Nachhaltige Materialien und faire Lieferanten<\/h4>\n<p dir=\"ltr\">Wir sind stolz darauf, Materialien von h\u00f6chster Qualit\u00e4t anzubieten, die aus nachhaltigen Quellen stammen. Unsere Rahmen sind aus hochwertigem Holz gefertigt, das sorgf\u00e4ltig auf Nachhaltigkeit und Qualit\u00e4t ausgew\u00e4hlt wurde. Wir arbeiten nur mit Lieferanten zusammen, die unsere Werte teilen, sodass du mit Vertrauen deine eigene Trommel bauen kannst.  <\/p>\n<p dir=\"ltr\"><\/p>","_et_gb_content_width":"","slim_seo":{"title":"Rahmen f\u00fcr doppelte Schamanentrommel","description":"Rahmen f\u00fcr doppelte Schamanentrommel. Das Beste aus zwei Welten vereint in einer Trommel: Ober- und Untert\u00f6ne gleichzeitig! In 45 cm und 50 cm auf Lager."}},"product_brand":[],"product_cat":[1252],"product_tag":[1602,1600,1601,1592,1304],"class_list":{"0":"post-26960","1":"product","2":"type-product","3":"status-publish","4":"has-post-thumbnail","6":"product_cat-rahmen-fuer-schamanentrommeln","7":"product_tag-besondere-rahmen","8":"product_tag-doppelte-trommel","9":"product_tag-holzrahmen","10":"product_tag-maulbeere","11":"product_tag-weide","12":"product_shipping_class-0-1-kilo-de","14":"first","15":"instock","16":"taxable","17":"shipping-taxable","18":"purchasable","19":"product-type-variable","20":"has-default-attributes"},"acf":[],"_links":{"self":[{"href":"https:\/\/sjamaan.nl\/de\/wp-json\/wp\/v2\/product\/26960","targetHints":{"allow":["GET"]}}],"collection":[{"href":"https:\/\/sjamaan.nl\/de\/wp-json\/wp\/v2\/product"}],"about":[{"href":"https:\/\/sjamaan.nl\/de\/wp-json\/wp\/v2\/types\/product"}],"replies":[{"embeddable":true,"href":"https:\/\/sjamaan.nl\/de\/wp-json\/wp\/v2\/comments?post=26960"}],"wp:featuredmedia":[{"embeddable":true,"href":"https:\/\/sjamaan.nl\/de\/wp-json\/wp\/v2\/media\/28227"}],"wp:attachment":[{"href":"https:\/\/sjamaan.nl\/de\/wp-json\/wp\/v2\/media?parent=26960"}],"wp:term":[{"taxonomy":"product_brand","embeddable":true,"href":"https:\/\/sjamaan.nl\/de\/wp-json\/wp\/v2\/product_brand?post=26960"},{"taxonomy":"product_cat","embeddable":true,"href":"https:\/\/sjamaan.nl\/de\/wp-json\/wp\/v2\/product_cat?post=26960"},{"taxonomy":"product_tag","embeddable":true,"href":"https:\/\/sjamaan.nl\/de\/wp-json\/wp\/v2\/product_tag?post=26960"}],"curies":[{"name":"wp","href":"https:\/\/api.w.org\/{rel}","templated":true}]}}