{"id":26686,"date":"2019-06-01T18:37:09","date_gmt":"2019-06-01T16:37:09","guid":{"rendered":"https:\/\/sjamaan.nl\/product\/trommelfelle-glatt-verschiedene-tierarten\/"},"modified":"2026-04-19T09:14:35","modified_gmt":"2026-04-19T07:14:35","slug":"trommelfelle-glatt-verschiedene-tierarten2","status":"publish","type":"product","link":"https:\/\/sjamaan.nl\/de\/produkt\/trommelfelle-glatt-verschiedene-tierarten2\/","title":{"rendered":"Trommelfelle glatt (verschiedene Tierarten)"},"content":{"rendered":"<p>[et_pb_section fb_built=&#8220;1&#8243; _builder_version=&#8220;4.16&#8243; _module_preset=&#8220;default&#8220; background_color=&#8220;#322952&#8243; custom_margin=&#8220;0px||0px||true|false&#8220; custom_padding=&#8220;0px||0px||true|false&#8220; global_colors_info=&#8220;{}&#8220;][et_pb_row _builder_version=&#8220;4.16&#8243; _module_preset=&#8220;default&#8220; custom_padding=&#8220;10px||18px||false|false&#8220; global_colors_info=&#8220;{}&#8220;][et_pb_column type=&#8220;4_4&#8243; _builder_version=&#8220;4.16&#8243; _module_preset=&#8220;default&#8220; global_colors_info=&#8220;{}&#8220;][et_pb_wc_title _builder_version=&#8220;4.16&#8243; header_font=&#8220;Lato|||on|||||&#8220; header_text_color=&#8220;#ffffff&#8220; header_font_size=&#8220;29px&#8220; header_letter_spacing=&#8220;2px&#8220; custom_padding=&#8220;8px||0px||false|false&#8220; global_colors_info=&#8220;{}&#8220;][\/et_pb_wc_title][\/et_pb_column][\/et_pb_row][\/et_pb_section][et_pb_section fb_built=&#8220;1&#8243; _builder_version=&#8220;4.16&#8243; background_color=&#8220;rgba(255,237,206,0.5)&#8220; custom_padding=&#8220;0px||||false|false&#8220; global_colors_info=&#8220;{}&#8220;][et_pb_row _builder_version=&#8220;4.16&#8243; background_size=&#8220;initial&#8220; background_position=&#8220;top_left&#8220; background_repeat=&#8220;repeat&#8220; global_colors_info=&#8220;{}&#8220;][et_pb_column type=&#8220;4_4&#8243; _builder_version=&#8220;4.16&#8243; custom_padding=&#8220;|||&#8220; global_colors_info=&#8220;{}&#8220; custom_padding__hover=&#8220;|||&#8220;][et_pb_wc_breadcrumb _builder_version=&#8220;4.16&#8243; global_colors_info=&#8220;{}&#8220;][\/et_pb_wc_breadcrumb][et_pb_wc_cart_notice _builder_version=&#8220;4.24.2&#8243; title_font_size=&#8220;13px&#8220; title_line_height=&#8220;1.6em&#8220; global_colors_info=&#8220;{}&#8220;][\/et_pb_wc_cart_notice][\/et_pb_column][\/et_pb_row][et_pb_row column_structure=&#8220;1_2,1_2&#8243; _builder_version=&#8220;4.16&#8243; background_size=&#8220;initial&#8220; background_position=&#8220;top_left&#8220; background_repeat=&#8220;repeat&#8220; custom_padding=&#8220;0px||||false|false&#8220; global_colors_info=&#8220;{}&#8220;][et_pb_column type=&#8220;1_2&#8243; _builder_version=&#8220;4.16&#8243; custom_padding=&#8220;|||&#8220; global_colors_info=&#8220;{}&#8220; custom_padding__hover=&#8220;|||&#8220;][et_pb_wc_images _builder_version=&#8220;4.16&#8243; global_colors_info=&#8220;{}&#8220;][\/et_pb_wc_images][\/et_pb_column][et_pb_column type=&#8220;1_2&#8243; _builder_version=&#8220;4.16&#8243; custom_padding=&#8220;|||&#8220; global_colors_info=&#8220;{}&#8220; custom_padding__hover=&#8220;|||&#8220;][et_pb_wc_title _builder_version=&#8220;4.24.2&#8243; _module_preset=&#8220;default&#8220; header_level=&#8220;h2&#8243; global_colors_info=&#8220;{}&#8220;][\/et_pb_wc_title][et_pb_wc_price _builder_version=&#8220;4.16&#8243; global_colors_info=&#8220;{}&#8220;][\/et_pb_wc_price][et_pb_wc_description _builder_version=&#8220;4.16&#8243; global_colors_info=&#8220;{}&#8220;][\/et_pb_wc_description][et_pb_wc_add_to_cart _builder_version=&#8220;4.16&#8243; global_colors_info=&#8220;{}&#8220;][\/et_pb_wc_add_to_cart][et_pb_wc_rating _builder_version=&#8220;4.16&#8243; rating_text_color=&#8220;#5e50a1&#8243; global_colors_info=&#8220;{}&#8220;][\/et_pb_wc_rating][et_pb_wc_meta _builder_version=&#8220;4.16&#8243; global_colors_info=&#8220;{}&#8220;][\/et_pb_wc_meta][\/et_pb_column][\/et_pb_row][et_pb_row _builder_version=&#8220;4.16&#8243; background_size=&#8220;initial&#8220; background_position=&#8220;top_left&#8220; background_repeat=&#8220;repeat&#8220; global_colors_info=&#8220;{}&#8220;][et_pb_column type=&#8220;4_4&#8243; _builder_version=&#8220;4.16&#8243; custom_padding=&#8220;|||&#8220; global_colors_info=&#8220;{}&#8220; custom_padding__hover=&#8220;|||&#8220;][et_pb_wc_tabs include_tabs=&#8220;description|additional_information|&#8220; _builder_version=&#8220;4.27.2&#8243; global_colors_info=&#8220;{}&#8220;]\t\t\t\t\t[\/et_pb_wc_tabs][et_pb_wc_upsells _builder_version=&#8220;4.16&#8243; global_colors_info=&#8220;{}&#8220;][\/et_pb_wc_upsells][et_pb_wc_related_products _builder_version=&#8220;4.16&#8243; global_colors_info=&#8220;{}&#8220;][\/et_pb_wc_related_products][\/et_pb_column][\/et_pb_row][\/et_pb_section]<\/p>\n","protected":false},"excerpt":{"rendered":"<p dir=\"ltr\">Trommelfelle glatt (verschiedene Tierarten), auch Pergament oder Rohhaut genannt, eignen sich f\u00fcr Trommeln wie Schamanentrommeln, Djemb\u00e9s, Bodhr\u00e1ns, Tifas und Pauken, bei denen die Obert\u00f6ne zur Geltung kommen d\u00fcrfen.<\/p>\n<p>&nbsp;<\/p>\n","protected":false},"featured_media":29499,"comment_status":"open","ping_status":"closed","template":"","meta":{"_acf_changed":false,"_et_pb_use_builder":"on","_et_pb_old_content":"<h2 dir=\"ltr\">Drumvellen kaal (verscheidene diersoorten)<\/h2>\r\n<p dir=\"ltr\">Drumvellen kaal (verscheidene diersoorten) zijn zeer geschikt om een eigen sjamanendrum mee te bespannen.En niet alleen een sjamanendrum! De drumvellen zijn ook zeer geschikt voor djemb\u00e9s, bohdran, tifas en pauken en alle andere drum met een dierenvel erop gespannen.<\/p>\r\n<p dir=\"ltr\">Wij hebben een grote verscheidenheid aan dierenhuiden op voorraad voor het bouwen van je eigen spirituele drum. Wat kies jij voor jouw healingdrum?<\/p>\r\n\r\n<ul>\r\n \t<li dir=\"ltr\">\r\n<p dir=\"ltr\" role=\"presentation\">geitenhuid<\/p>\r\n<\/li>\r\n \t<li dir=\"ltr\">\r\n<p dir=\"ltr\" role=\"presentation\">koeienhuid<\/p>\r\n<\/li>\r\n \t<li dir=\"ltr\">\r\n<p dir=\"ltr\" role=\"presentation\">kalfshuid<\/p>\r\n<\/li>\r\n \t<li dir=\"ltr\">\r\n<p dir=\"ltr\" role=\"presentation\">waterbuffelhuid<\/p>\r\n<\/li>\r\n \t<li dir=\"ltr\">\r\n<p dir=\"ltr\" role=\"presentation\">kamelenhuid<\/p>\r\n<\/li>\r\n \t<li dir=\"ltr\">\r\n<p dir=\"ltr\" role=\"presentation\">nubische geitenhuid<\/p>\r\n<\/li>\r\n \t<li dir=\"ltr\">paardenhuid<\/li>\r\n<\/ul>\r\n<p dir=\"ltr\">Onze kale drumvellen (ook wel rawhide of perkament genoemd) zijn schoon en glad geprepareerd. De haarwortels zijn verwijderd.<\/p>\r\n\r\n<h2 dir=\"ltr\">Kale drumhuiden<\/h2>\r\n<p dir=\"ltr\">Eenmaal op een drumframe gespannen, geven kale drumhuiden vaak een hoge, volle klank met veel boventonen. Bij Sjamaan.nl kun je ook een glad drumvel kopen voor djemb\u00e9s en pauken. Om een djemb\u00e9 te maken of te repareren raden we kale geitenvellen aan. Voor pauken zijn de transparante geitenvellen geschikt. Deze kale drumvellen zijn dun en geven opgespannen een prachtige paukeklank.<\/p>\r\n<p dir=\"ltr\">Je kan eventueel de kale sjamanendrum zelf beschilderen met acrylverf of er met een watervaste stift op tekenen.<\/p>\r\n<p dir=\"ltr\">Wij hebben Drumvellen kaal (verscheidene diersoorten) met doorsneden van 35 en 100 centimeter op voorraad, passend op drumframes van 25 tot 90 centimeter.\u00a0 Reken minimaal 10 centimeter bij de ketel om de huid goed te spannen.<\/p>\r\n<p dir=\"ltr\">Heb je een voorkeur voor een dikte van een drumhuid: laat het weten bij het afrekenen en het invullen van je adresgegevens. Rechts onderin is een vrij in te vullen veld voor opmerkingen!<\/p>\r\n\r\n<h3 dir=\"ltr\">Respect voor de spirit van het dier<\/h3>\r\n<p dir=\"ltr\">Huiden zijn een natuurlijk product van een levend wezen, een spirit. Daarom kopen wij de huiden voor onze sjamanendrums en de drumvellen waarmee jij je eigen spirituele drum of medicijndrum kan maken bewust in. De spirit van het dier krijgt met het ontstaan van de sjamanendrum een nieuw leven en kan veel goeds doen in zijn nieuwe hoedanigheid.<\/p>\r\n<p dir=\"ltr\">Wij hebben al 25 jaar ervaring met de in- en verkoop van drumvellen, hebben goed contact met onze leveranciers in Pakistan en weten daardoor zeker dat er respectvol met de dieren is omgegaan en dat ze niet zijn gedood voor hun huid.<\/p>\r\n<p dir=\"ltr\"><\/p>","_et_gb_content_width":"","slim_seo":{"title":"Drumvellen kaal (verscheidene diersoorten) in alle diktes en maten","description":"Drumvellen kaal (verscheidene diersoorten) geschikt voor sjamanendrums, djemb\u00e9 of pauken. Drumhuiden direct uit voorraad leverbaar."}},"product_brand":[],"product_cat":[1246],"product_tag":[1575,1342,1577,1576,1578,1574,1572,1573,1579,1347,1568],"class_list":{"0":"post-26686","1":"product","2":"type-product","3":"status-publish","4":"has-post-thumbnail","6":"product_cat-haute-fur-deine-schamanentrommel","7":"product_tag-djembefelle","8":"product_tag-getrocknete-haute","9":"product_tag-glatte-trommelfelle","10":"product_tag-glatte-trommelhaute","11":"product_tag-haute-fur-deine-schamanentrommel","12":"product_tag-paukenfelle","13":"product_tag-pergament","14":"product_tag-rohhaut-de","15":"product_tag-transparente-trommelfelle","16":"product_tag-trommelfelle","17":"product_tag-trommelfelle-de-2","18":"product_shipping_class-0-1-kilo-de","20":"first","21":"instock","22":"taxable","23":"shipping-taxable","24":"purchasable","25":"product-type-variable","26":"has-default-attributes"},"acf":[],"_links":{"self":[{"href":"https:\/\/sjamaan.nl\/de\/wp-json\/wp\/v2\/product\/26686","targetHints":{"allow":["GET"]}}],"collection":[{"href":"https:\/\/sjamaan.nl\/de\/wp-json\/wp\/v2\/product"}],"about":[{"href":"https:\/\/sjamaan.nl\/de\/wp-json\/wp\/v2\/types\/product"}],"replies":[{"embeddable":true,"href":"https:\/\/sjamaan.nl\/de\/wp-json\/wp\/v2\/comments?post=26686"}],"wp:featuredmedia":[{"embeddable":true,"href":"https:\/\/sjamaan.nl\/de\/wp-json\/wp\/v2\/media\/29499"}],"wp:attachment":[{"href":"https:\/\/sjamaan.nl\/de\/wp-json\/wp\/v2\/media?parent=26686"}],"wp:term":[{"taxonomy":"product_brand","embeddable":true,"href":"https:\/\/sjamaan.nl\/de\/wp-json\/wp\/v2\/product_brand?post=26686"},{"taxonomy":"product_cat","embeddable":true,"href":"https:\/\/sjamaan.nl\/de\/wp-json\/wp\/v2\/product_cat?post=26686"},{"taxonomy":"product_tag","embeddable":true,"href":"https:\/\/sjamaan.nl\/de\/wp-json\/wp\/v2\/product_tag?post=26686"}],"curies":[{"name":"wp","href":"https:\/\/api.w.org\/{rel}","templated":true}]}}