{"id":22910,"date":"2024-10-08T08:24:25","date_gmt":"2024-10-08T06:24:25","guid":{"rendered":"https:\/\/sjamaan.nl\/product\/medizintrommel-kaenguru-kuh-auf-eierrahmen-weide-mit-gruenem-opal\/"},"modified":"2024-10-09T21:02:19","modified_gmt":"2024-10-09T19:02:19","slug":"medizintrommel-kaenguru-kuh-auf-eierrahmen-weide-mit-gruenem-opal","status":"publish","type":"product","link":"https:\/\/sjamaan.nl\/de\/produkt\/medizintrommel-kaenguru-kuh-auf-eierrahmen-weide-mit-gruenem-opal\/","title":{"rendered":"Medizintrommel K\u00e4nguru &amp; Kuh auf Eierrahmen Weide mit gr\u00fcnem Opal"},"content":{"rendered":"<p>[et_pb_section fb_built=&#8220;1&#8243; _builder_version=&#8220;4.16&#8243; _module_preset=&#8220;default&#8220; background_color=&#8220;#322952&#8243; custom_margin=&#8220;0px||0px||true|false&#8220; custom_padding=&#8220;0px||0px||true|false&#8220; global_colors_info=&#8220;{}&#8220;][et_pb_row _builder_version=&#8220;4.16&#8243; _module_preset=&#8220;default&#8220; custom_padding=&#8220;10px||18px||false|false&#8220; global_colors_info=&#8220;{}&#8220;][et_pb_column type=&#8220;4_4&#8243; _builder_version=&#8220;4.16&#8243; _module_preset=&#8220;default&#8220; global_colors_info=&#8220;{}&#8220;][et_pb_wc_title _builder_version=&#8220;4.16&#8243; header_font=&#8220;Lato|||on|||||&#8220; header_text_color=&#8220;#ffffff&#8220; header_font_size=&#8220;29px&#8220; header_letter_spacing=&#8220;2px&#8220; custom_padding=&#8220;8px||0px||false|false&#8220; global_colors_info=&#8220;{}&#8220;][\/et_pb_wc_title][\/et_pb_column][\/et_pb_row][\/et_pb_section][et_pb_section fb_built=&#8220;1&#8243; _builder_version=&#8220;4.16&#8243; background_color=&#8220;rgba(255,237,206,0.5)&#8220; custom_padding=&#8220;0px||||false|false&#8220; global_colors_info=&#8220;{}&#8220;][et_pb_row _builder_version=&#8220;4.16&#8243; background_size=&#8220;initial&#8220; background_position=&#8220;top_left&#8220; background_repeat=&#8220;repeat&#8220; global_colors_info=&#8220;{}&#8220;][et_pb_column type=&#8220;4_4&#8243; _builder_version=&#8220;4.16&#8243; custom_padding=&#8220;|||&#8220; global_colors_info=&#8220;{}&#8220; custom_padding__hover=&#8220;|||&#8220;][et_pb_wc_breadcrumb _builder_version=&#8220;4.16&#8243; global_colors_info=&#8220;{}&#8220;][\/et_pb_wc_breadcrumb][et_pb_wc_cart_notice _builder_version=&#8220;4.16&#8243; global_colors_info=&#8220;{}&#8220;][\/et_pb_wc_cart_notice][\/et_pb_column][\/et_pb_row][et_pb_row column_structure=&#8220;1_2,1_2&#8243; _builder_version=&#8220;4.16&#8243; background_size=&#8220;initial&#8220; background_position=&#8220;top_left&#8220; background_repeat=&#8220;repeat&#8220; custom_padding=&#8220;0px||||false|false&#8220; global_colors_info=&#8220;{}&#8220;][et_pb_column type=&#8220;1_2&#8243; _builder_version=&#8220;4.16&#8243; custom_padding=&#8220;|||&#8220; global_colors_info=&#8220;{}&#8220; custom_padding__hover=&#8220;|||&#8220;][et_pb_wc_images _builder_version=&#8220;4.16&#8243; global_colors_info=&#8220;{}&#8220;][\/et_pb_wc_images][\/et_pb_column][et_pb_column type=&#8220;1_2&#8243; _builder_version=&#8220;4.16&#8243; custom_padding=&#8220;|||&#8220; global_colors_info=&#8220;{}&#8220; custom_padding__hover=&#8220;|||&#8220;][et_pb_wc_title _builder_version=&#8220;4.25.0&#8243; _module_preset=&#8220;default&#8220; header_level=&#8220;h2&#8243; global_colors_info=&#8220;{}&#8220;][\/et_pb_wc_title][et_pb_wc_price _builder_version=&#8220;4.16&#8243; global_colors_info=&#8220;{}&#8220;][\/et_pb_wc_price][et_pb_wc_description _builder_version=&#8220;4.16&#8243; global_colors_info=&#8220;{}&#8220;][\/et_pb_wc_description][et_pb_wc_add_to_cart _builder_version=&#8220;4.16&#8243; global_colors_info=&#8220;{}&#8220;][\/et_pb_wc_add_to_cart][et_pb_wc_rating _builder_version=&#8220;4.16&#8243; rating_text_color=&#8220;#5e50a1&#8243; global_colors_info=&#8220;{}&#8220;][\/et_pb_wc_rating][et_pb_wc_meta _builder_version=&#8220;4.16&#8243; global_colors_info=&#8220;{}&#8220;][\/et_pb_wc_meta][\/et_pb_column][\/et_pb_row][et_pb_row _builder_version=&#8220;4.16&#8243; background_size=&#8220;initial&#8220; background_position=&#8220;top_left&#8220; background_repeat=&#8220;repeat&#8220; global_colors_info=&#8220;{}&#8220;][et_pb_column type=&#8220;4_4&#8243; _builder_version=&#8220;4.16&#8243; custom_padding=&#8220;|||&#8220; global_colors_info=&#8220;{}&#8220; custom_padding__hover=&#8220;|||&#8220;][et_pb_wc_tabs active_tab_background_color=&#8220;#322952&#8243; inactive_tab_background_color=&#8220;#fdb913&#8243; active_tab_text_color=&#8220;#ffffff&#8220; _builder_version=&#8220;4.16&#8243; tab_text_color=&#8220;#ffffff&#8220; tab_font=&#8220;|||on|||||&#8220; tab_line_height=&#8220;1.9em&#8220; background_color=&#8220;rgba(255,237,206,0.5)&#8220; border_width_all=&#8220;2px&#8220; border_color_all=&#8220;#322952&#8243; global_colors_info=&#8220;{}&#8220;] [\/et_pb_wc_tabs][et_pb_wc_upsells _builder_version=&#8220;4.16&#8243; global_colors_info=&#8220;{}&#8220;][\/et_pb_wc_upsells][et_pb_wc_related_products _builder_version=&#8220;4.16&#8243; global_colors_info=&#8220;{}&#8220;][\/et_pb_wc_related_products][\/et_pb_column][\/et_pb_row][\/et_pb_section]<\/p>\n","protected":false},"excerpt":{"rendered":"<p>Medizintrommel K\u00e4nguru &amp; Kuh auf Eierrahmen Weide mit gr\u00fcnem Opal, 52 cm. Eine ganz besondere, superstarke Trommel mit einem herrlichen Klang. Diese Trommel hilft Ihnen, zeigt Ihnen, dass die Dinge anders sein k\u00f6nnen und manchmal auch sein m\u00fcssen und wie Sie das gestalten k\u00f6nnen.<\/p>\n","protected":false},"featured_media":22757,"comment_status":"open","ping_status":"closed","template":"","meta":{"_acf_changed":false,"_et_pb_use_builder":"on","_et_pb_old_content":"<h3 dir=\"auto\">Medizintrommelfelle K\u00e4nguru & Kuh auf Eierrahmen Weide mit gr\u00fcnem Opal<\/h3>\n<div dir=\"auto\">\n<div dir=\"auto\">\n\nK\u00e4nguru; Mit Spr\u00fcngen und Spr\u00fcngen, Gleichgewicht, Ausdauer, Selbstvertrauen und Kampfgeist. K\u00e4ngurus als spirituelle F\u00fchrer gelten als Symbole f\u00fcr Widerstandsf\u00e4higkeit, Anpassungsf\u00e4higkeit und \u00dcberleben und ihre Lehren k\u00f6nnen helfen, die Herausforderungen des Lebens mit Anmut und Mut zu meistern. Das K\u00e4nguru kann ein m\u00e4chtiger geistiger F\u00fchrer sein. Es kann uns helfen, Hindernisse zu \u00fcberwinden und neue Wege zu finden, wenn wir uns festgefahren f\u00fchlen. Es kann Sie auch lehren, einfallsreicher zu sein und unsere St\u00e4rken und F\u00e4higkeiten zu nutzen, um voranzukommen. Wenn Sie sich dazu berufen f\u00fchlen, mit dem K\u00e4nguru als Ihrem geistigen F\u00fchrer zu arbeiten, \u00fcberlegen Sie, welche Qualit\u00e4ten es f\u00fcr Sie repr\u00e4sentiert. Was m\u00fcssen Sie jetzt \u00fcberwinden und wie k\u00f6nnen Sie Ihre St\u00e4rken und F\u00e4higkeiten nutzen, um Ihre Ziele zu erreichen? Die Kuh k\u00fcmmert sich um Ihre spirituellen Bed\u00fcrfnisse. N\u00e4hrend, Mutter, \u00dcberfluss, geerdet, Reichtum. Die Fruchtbarkeitszyklen des Mondes; Mutterschaft und\/oder Vaterschaft, Verbindungen zu fr\u00fcheren Leben, Lebensfreude, Zuverl\u00e4ssigkeit und Gro\u00dfz\u00fcgigkeit. Die Kuh lehrt Sie, mit offenem Herzen zu geben und zu empfangen. Die Kuh ist das urspr\u00fcngliche Symbol der Gro\u00dfen Mutter. Sie ist sowohl ein himmlisches als auch ein irdisches Symbol: himmlisch, weil ihre H\u00f6rner die Form einer Mondsichel haben: ein Symbol der Fruchtbarkeit; au\u00dferdem weisen die alten Sumerer darauf hin, dass die Farbe der Kuhmilch der des Mondlichts \u00e4hnelt! Irdisch, denn durch ihre n\u00e4hrende Kraft \u00e4hnelt sie der Mutter Erde. Durch ihre ruhige Pr\u00e4senz symbolisiert sie auch Ruhe und Frieden. In der Welt des Hinduismus ist die Kuh bekanntlich ein heiliges Tier. Nichts sollte ihr in die Quere kommen. Sie ist ein Symbol der Fruchtbarkeit und der Erf\u00fcllung aller Formen des Hungers, einschlie\u00dflich aller W\u00fcnsche und Sehns\u00fcchte.      \n\n          \n\n<\/div>\n<\/div>\n<h3 dir=\"auto\">Medizintrommel Holz K\u00e4nguru & Kuh auf Eierrahmen Weide mit gr\u00fcnem Opal<\/h3>\n<div dir=\"auto\">\n<div dir=\"auto\">\n<div dir=\"auto\">\n<div dir=\"auto\">\n<div dir=\"auto\">Die Weide ist ein sehr emotionaler Baum. Sie ist sehr anmutig und legt gro\u00dfen Wert auf harmonischen Kontakt. Sie wei\u00df die Sch\u00f6nheit eines anderen Menschen sehr zu sch\u00e4tzen. Wenn Sie einen guten Kontakt zu ihr herstellen wollen, versuchen Sie, sie zu bezaubern, kleiden Sie sich h\u00fcbsch und sorgen Sie daf\u00fcr, dass Ihre Geschichte gut ist. Versuchen Sie jedoch nie, sie mit sch\u00f6nen Worten zu bezaubern, denn sie wird Ihnen sofort auf die Schliche kommen. Willow ist eine Art Mutter, eine eitle Mutter, aber eine, auf die Sie stolz sein k\u00f6nnen. Manchmal kann sie etwas schwierig sein, denn sie stellt an Sie die gleichen Anforderungen wie an sich selbst. Sie hat einen gro\u00dfen Einblick in alle Aspekte des Lebens. Daher wird sie Sie immer wieder mit unerwarteten und sehr treffenden Aussagen \u00fcberraschen. Sie durchschaut Ihre Gedanken sofort und das kann Sie manchmal in Verlegenheit bringen. Sie wei\u00df nicht nur, was Sie denken, sondern auch, was Sie f\u00fchlen. Sie k\u00f6nnen also nichts vor ihr verbergen. Die Willow ist ein einzigartiger Baum, Sie k\u00f6nnen sich immer an sie wenden. Einfach so, weil Ihnen danach ist oder wenn Sie ihr zuf\u00e4llig \u00fcber den Weg laufen. Was auch immer der Grund ist, es spielt keine Rolle, jeder Grund ist gut, sie wird immer f\u00fcr Sie da sein. Sie werden nie traurig sein, nachdem Sie sie getroffen haben, und Sie k\u00f6nnen es auch nicht sein, nachdem Sie Ihre Mutter getroffen haben! Auch bei den R\u00f6mern war die Weide der G\u00f6ttin Juno, der Gattin Jupiters, geweiht. Aus dem Holz dieser Weide wurden oft Bilder von Juno geschnitzt. Im Mittelalter wurde die Weide verwendet, um b\u00f6se Hexen von guten Frauen zu unterscheiden. St\u00e4rke, Flexibilit\u00e4t, Transformation, Ehrlichkeit, Spontaneit\u00e4t, Trost, Heilung, Tod und Wiedergeburt. Elemente Wasser und Erde. Mondkraft, W\u00fcnsche, Neuanf\u00e4nge, Sch\u00f6nheit, Sicherheit, Liebe, Einsicht. Chakra: 1,2,3,5,7. Lesen Sie <a href=\"https:\/\/sjamaan.nl\/de-spirituele-betekenis-van-wilg\/\">hier<\/a> mehr \u00fcber die Weide.                      <\/div>\n<\/div>\n<\/div>\n<\/div>\n<\/div>\n<div dir=\"auto\"><\/div>\n<h3 dir=\"auto\">Medizintrommel Mitte K\u00e4nguru & Kuh auf Eierrahmen Weide mit gr\u00fcnem Opal<\/h3>\n<div dir=\"auto\">\n<div dir=\"auto\">\n<div dir=\"auto\">\n<div dir=\"auto\">\n<div dir=\"auto\">Gr\u00fcner Opal: Neben den Kr\u00e4ften, die jede Opalart besitzt, hat diese gr\u00fcne Variante eine ganz besondere Wirkung: Sie erm\u00f6glicht den Kontakt mit Devas und Naturwesen. Er gibt Schutz f\u00fcr den Geist und bringt verschiedene Inkarnationen desselben Geistes in Kontakt. Atmen Sie in den Stein und Ihr Bewusstsein und Ihr drittes Auge werden automatisch ge\u00f6ffnet. Der Stein bietet ein weiches, n\u00e4hrendes Schild, durch das sich die Naturwesen im Kontakt mit uns sicher und gesch\u00fctzt f\u00fchlen. Die sch\u00f6nsten Meditationen und Kontakte sind mit diesem besonderen Edelstein m\u00f6glich. Der Stein bringt Frieden, Harmonie und Liebe. Dar\u00fcber hinaus tut der Gr\u00fcne Opal auch den Pflanzen und einfach dem gesamten Lebensumfeld unheimlich gut. Er l\u00e4dt wohlwollende Naturwesen dazu ein, sich in der Umgebung aufzuhalten. Die Pflanzen wachsen und bl\u00fchen in ihrer ganzen Pracht und das Zuhause wird zu einer weichen, angenehmen Umgebung. Ein Helfer in schwierigen Zeiten und ein guter Stein f\u00fcr Astralreisen. Chakren:<sup>1<\/sup>,<sup>4<\/sup> und 7          <\/div>\n<\/div>\n<\/div>\n<\/div>\n<\/div>\n<div dir=\"auto\">\n<div dir=\"auto\">\n<div dir=\"auto\">\n<div dir=\"auto\"><\/div>\n<\/div>\n<\/div>\n<\/div>\n<h3 dir=\"auto\">Medizintrommel Seil K\u00e4nguru & Kuh auf Eierrahmen Weide mit gr\u00fcnem Opal<\/h3>\n<div dir=\"auto\">\n<div dir=\"auto\">\n<div dir=\"auto\">\n<div dir=\"auto\">\n<div dir=\"auto\">\n<div dir=\"auto\">\n<div dir=\"auto\">\n\nBraun symbolisiert Zuverl\u00e4ssigkeit, Stabilit\u00e4t und Authentizit\u00e4t. Sie wird mit Erde assoziiert. Wie die Farbe Gr\u00fcn ist auch Braun eine urspr\u00fcngliche Farbe. Als die Farbe, die am h\u00e4ufigsten in der Natur vorkommt, steht sie f\u00fcr Solidit\u00e4t, Herbst und Erde. Diese Farbe steht auch f\u00fcr die Erdung, sozusagen f\u00fcr Ihre Wurzeln. Braun ist die Farbe der Erde, auf der der Mensch sein Leben gestaltet. Gr\u00fcn ist die vorherrschende Farbe in der Natur und symbolisiert Neubeginn, Gleichgewicht, Gesundheit, Harmonie, Leben, Fruchtbarkeit, Hoffnung, Ruhe, Gl\u00fcck, Zuverl\u00e4ssigkeit, Nachdenken, Wachstum und Entwicklung. Ebenso wird Gr\u00fcn mit Geld, Wohlstand und Reichtum assoziiert (und als Kehrseite davon mit Neid und Eifersucht). Es ist eine Farbe mit einer entspannenden und beruhigenden Wirkung. Sie spiegelt die Verbindung zwischen Erde (die unteren drei Chakren) und Geist (die oberen drei Chakren) wider. Orange. Diese Farbe entsteht durch eine Mischung aus dem ersten roten Chakra und dem dritten gelben Chakra. Orange steht f\u00fcr Enthusiasmus, Fr\u00f6hlichkeit, Aktion, Freundlichkeit und Kreativit\u00e4t. Das zweite Chakra steht f\u00fcr den Ausdruck von Gef\u00fchlen, Beziehungen, Bewegung, Sexualit\u00e4t und Kreativit\u00e4t.     \n\n   \n\n   \n\n<\/div>\n<\/div>\n<\/div>\n<\/div>\n<\/div>\n<\/div>\n<\/div>","_et_gb_content_width":"","slim_seo":{"title":"Medizintrommel K\u00e4nguru &amp; Kuh auf Eierrahmen Weide mit gr\u00fcnem Opal - Sjamaan.nl\/de","description":"Medizintrommel K\u00e4nguru &amp; Kuh auf Eierrahmen Weide mit gr\u00fcnem Opal, 52 cm. Eine ganz besondere, superstarke Trommel mit einem herrlichen Klang. Diese Trommel"}},"product_brand":[],"product_cat":[1333],"product_tag":[1297,1298,1296],"class_list":{"0":"post-22910","1":"product","2":"type-product","3":"status-publish","4":"has-post-thumbnail","6":"product_cat-medizintrommel-fuer-dich","7":"product_tag-heilungstrancedrum","8":"product_tag-medizinfass","9":"product_tag-schamanentrommel","10":"product_shipping_class-0-1-kilo-de","12":"first","13":"outofstock","14":"sold-individually","15":"taxable","16":"shipping-taxable","17":"purchasable","18":"product-type-simple"},"acf":[],"_links":{"self":[{"href":"https:\/\/sjamaan.nl\/de\/wp-json\/wp\/v2\/product\/22910","targetHints":{"allow":["GET"]}}],"collection":[{"href":"https:\/\/sjamaan.nl\/de\/wp-json\/wp\/v2\/product"}],"about":[{"href":"https:\/\/sjamaan.nl\/de\/wp-json\/wp\/v2\/types\/product"}],"replies":[{"embeddable":true,"href":"https:\/\/sjamaan.nl\/de\/wp-json\/wp\/v2\/comments?post=22910"}],"wp:featuredmedia":[{"embeddable":true,"href":"https:\/\/sjamaan.nl\/de\/wp-json\/wp\/v2\/media\/22757"}],"wp:attachment":[{"href":"https:\/\/sjamaan.nl\/de\/wp-json\/wp\/v2\/media?parent=22910"}],"wp:term":[{"taxonomy":"product_brand","embeddable":true,"href":"https:\/\/sjamaan.nl\/de\/wp-json\/wp\/v2\/product_brand?post=22910"},{"taxonomy":"product_cat","embeddable":true,"href":"https:\/\/sjamaan.nl\/de\/wp-json\/wp\/v2\/product_cat?post=22910"},{"taxonomy":"product_tag","embeddable":true,"href":"https:\/\/sjamaan.nl\/de\/wp-json\/wp\/v2\/product_tag?post=22910"}],"curies":[{"name":"wp","href":"https:\/\/api.w.org\/{rel}","templated":true}]}}