{"id":22842,"date":"2019-05-17T15:08:51","date_gmt":"2019-05-17T13:08:51","guid":{"rendered":"https:\/\/sjamaan.nl\/schamanenladen-ausruestung-fuer-trommelbau\/"},"modified":"2025-09-19T11:21:37","modified_gmt":"2025-09-19T09:21:37","slug":"material-fuer-den-trommelbau","status":"publish","type":"page","link":"https:\/\/sjamaan.nl\/de\/","title":{"rendered":"Schamanen-Shop Material f\u00fcr den Trommelbau"},"content":{"rendered":"<p>[et_pb_section fb_built=&#8220;1&#8243; next_background_color=&#8220;#ffffff&#8220; disabled_on=&#8220;on|off|off&#8220; _builder_version=&#8220;4.27.4&#8243; background_image=&#8220;https:\/\/sjamaan.nl\/wp-content\/uploads\/2025\/07\/sjamaan.nl_Wheel-of-Change-Ibiza-retreat-oktober-2022.jpeg&#8220; z_index=&#8220;1&#8243; custom_padding=&#8220;0px||0px||false|false&#8220; top_divider_height=&#8220;392px&#8220; top_divider_flip=&#8220;horizontal|vertical&#8220; top_divider_arrangement=&#8220;above_content&#8220; top_divider_height_tablet=&#8220;75px&#8220; top_divider_height_phone=&#8220;50px&#8220; top_divider_height_last_edited=&#8220;on|phone&#8220; bottom_divider_style=&#8220;slant2&#8243; bottom_divider_arrangement=&#8220;above_content&#8220; bottom_divider_height_tablet=&#8220;75px&#8220; bottom_divider_height_phone=&#8220;50px&#8220; bottom_divider_height_last_edited=&#8220;on|phone&#8220; custom_css_free_form=&#8220;selector { background-blend-mode: normal !important; }&#8220; global_colors_info=&#8220;{}&#8220;][et_pb_row column_structure=&#8220;1_3,1_3,1_3&#8243; use_custom_gutter=&#8220;on&#8220; gutter_width=&#8220;1&#8243; make_equal=&#8220;on&#8220; disabled_on=&#8220;off|off|off&#8220; _builder_version=&#8220;4.25.1&#8243; width=&#8220;100%&#8220; max_width=&#8220;2560px&#8220; module_alignment=&#8220;left&#8220; min_height_tablet=&#8220;&#8220; min_height_phone=&#8220;&#8220; min_height_last_edited=&#8220;on|desktop&#8220; custom_margin=&#8220;||-10%||false|false&#8220; custom_padding=&#8220;0px||0px|||&#8220; custom_css_main_element=&#8220;z-index: 1;&#8220; global_colors_info=&#8220;{}&#8220;][et_pb_column type=&#8220;1_3&#8243; _builder_version=&#8220;4.23.4&#8243; background_color=&#8220;rgba(50,41,82,0.8)&#8220; custom_padding=&#8220;25px||100px||false|false&#8220; custom_padding_tablet=&#8220;0px||0px||false|false&#8220; custom_padding_phone=&#8220;&#8220; custom_padding_last_edited=&#8220;on|tablet&#8220; global_colors_info=&#8220;{}&#8220; custom_padding__hover=&#8220;|||&#8220;][et_pb_text _builder_version=&#8220;4.27.4&#8243; text_font=&#8220;||||||||&#8220; header_font=&#8220;||||||||&#8220; header_font_size=&#8220;32px&#8220; header_2_font=&#8220;Lato||||||||&#8220; header_2_text_color=&#8220;#FFFFFF&#8220; header_2_font_size=&#8220;24px&#8220; header_2_line_height=&#8220;1.2em&#8220; background_layout=&#8220;dark&#8220; custom_margin=&#8220;||&#8220; custom_padding=&#8220;10%|10%|10%|10%|true|false&#8220; custom_padding_tablet=&#8220;5%||3%|5%|false|false&#8220; custom_padding_phone=&#8220;|20%||&#8220; custom_padding_last_edited=&#8220;on|tablet&#8220; hover_enabled=&#8220;0&#8243; header_font_size_tablet=&#8220;28px&#8220; header_font_size_phone=&#8220;24px&#8220; header_font_size_last_edited=&#8220;on|phone&#8220; header_2_font_size_tablet=&#8220;22px&#8220; header_2_font_size_phone=&#8220;18px&#8220; header_2_font_size_last_edited=&#8220;on|phone&#8220; global_colors_info=&#8220;{}&#8220; sticky_enabled=&#8220;0&#8243;]<\/p>\n<h1>Shop f\u00fcr Schamanentrommeln<\/h1>\n<h2><a href=\"https:\/\/sjamaan.nl\/de\/produkt-kategorie\/haute-fur-deine-schamanentrommel\/\"><span>&gt; H\u00e4ute<\/span><\/a><\/h2>\n<h2><a href=\"https:\/\/sjamaan.nl\/product-category\/frames-voor-sjamanendrums\/\">&gt; <\/a><a href=\"https:\/\/sjamaan.nl\/de\/produkt-kategorie\/rahmen-fuer-schamanentrommeln\/\">Rahmen<\/a><\/h2>\n<h2><a href=\"https:\/\/sjamaan.nl\/product-category\/benodigdheden-voor-drumbouw\/\">&gt;<\/a><a href=\"https:\/\/sjamaan.nl\/de\/produkt-kategorie\/zubehoer-fuer-den-trommelbau\/\">Zubeh\u00f6r f\u00fcr den Trommelbau<\/a><a href=\"https:\/\/sjamaan.nl\/product-category\/benodigdheden-voor-drumbouw\/\"><\/a><\/h2>\n<h2><a href=\"https:\/\/sjamaan.nl\/de\/produkt-kategorie\/komplette-diy-trommelbausaetze\/\">&gt; Komplette DIY-Trommelbaus\u00e4tze<\/a><\/h2>\n<h2><a href=\"https:\/\/sjamaan.nl\/de\/produkt-kategorie\/schamanentrommeln-kaufen\/\">&gt; Schamanentrommeln<\/a><\/h2>\n<h2><a href=\"https:\/\/sjamaan.nl\/de\/produkt-kategorie\/trommeltaschen\/\">&gt; Trommeltaschen<\/a><\/h2>\n<h2><a href=\"https:\/\/sjamaan.nl\/de\/produkt-kategorie\/trommelschlaeger-und-ratels-de\/\">&gt; Trommelschl\u00e4gel und Rasseln<\/a><\/h2>\n<h2><a href=\"https:\/\/sjamaan.nl\/de\/produkt-kategorie\/musikinstrumente\/\">&gt; Musikinstrumente<\/a><\/h2>\n<h2><a href=\"https:\/\/sjamaan.nl\/de\/produkt-kategorie\/raucherwerk\/\">&gt; R\u00e4ucherwerk<\/a><\/h2>\n<h2><a href=\"https:\/\/sjamaan.nl\/de\/produkt-kategorie\/set-angebote\/\">&gt; Set-Angebote<\/a><\/h2>\n<h2><a href=\"https:\/\/sjamaan.nl\/de\/produkt-kategorie\/pflege-einer-schamanentrommel-de\/\">&gt; Pflege einer Schamanentrommel<\/a><\/h2>\n<p>&nbsp;<\/p>\n<h3><span style=\"color: #ffffff;\"><\/span><\/h3>\n<p>[\/et_pb_text][\/et_pb_column][et_pb_column type=&#8220;1_3&#8243; _builder_version=&#8220;4.16&#8243; custom_padding=&#8220;|||&#8220; global_colors_info=&#8220;{}&#8220; custom_padding__hover=&#8220;|||&#8220;][\/et_pb_column][et_pb_column type=&#8220;1_3&#8243; _builder_version=&#8220;4.16&#8243; custom_padding=&#8220;|||&#8220; global_colors_info=&#8220;{}&#8220; custom_padding__hover=&#8220;|||&#8220;][\/et_pb_column][\/et_pb_row][\/et_pb_section][et_pb_section fb_built=&#8220;1&#8243; next_background_color=&#8220;#ffffff&#8220; disabled_on=&#8220;off|on|on&#8220; _builder_version=&#8220;4.27.4&#8243; background_image=&#8220;https:\/\/sjamaan.nl\/wp-content\/uploads\/2025\/07\/sjamaan.nl_Wheel-of-Change-Ibiza-retreat-oktober-2022.jpeg&#8220; z_index=&#8220;1&#8243; custom_padding=&#8220;20px||0px||false|false&#8220; top_divider_height=&#8220;392px&#8220; top_divider_flip=&#8220;horizontal|vertical&#8220; top_divider_arrangement=&#8220;above_content&#8220; top_divider_height_tablet=&#8220;75px&#8220; top_divider_height_phone=&#8220;50px&#8220; top_divider_height_last_edited=&#8220;on|phone&#8220; bottom_divider_style=&#8220;slant2&#8243; bottom_divider_arrangement=&#8220;above_content&#8220; bottom_divider_height_tablet=&#8220;75px&#8220; bottom_divider_height_phone=&#8220;50px&#8220; bottom_divider_height_last_edited=&#8220;on|phone&#8220; background_color_phone=&#8220;gcid-890027f9-6f47-4a2f-937a-7f7e6be1a76c&#8220; background_last_edited=&#8220;on|phone&#8220; background_enable_color_phone=&#8220;on&#8220; background_enable_image_phone=&#8220;off&#8220; global_colors_info=&#8220;{%22gcid-890027f9-6f47-4a2f-937a-7f7e6be1a76c%22:%91%22background_color%22%93}&#8220;][et_pb_row column_structure=&#8220;1_3,1_3,1_3&#8243; use_custom_gutter=&#8220;on&#8220; gutter_width=&#8220;1&#8243; make_equal=&#8220;on&#8220; _builder_version=&#8220;4.16&#8243; width=&#8220;100%&#8220; max_width=&#8220;2560px&#8220; module_alignment=&#8220;left&#8220; min_height=&#8220;425px&#8220; min_height_tablet=&#8220;100px&#8220; min_height_phone=&#8220;&#8220; min_height_last_edited=&#8220;on|desktop&#8220; custom_margin=&#8220;||-10%&#8220; custom_padding=&#8220;0px||0px|||&#8220; custom_css_main_element=&#8220;z-index: 1;&#8220; global_colors_info=&#8220;{}&#8220;][et_pb_column type=&#8220;1_3&#8243; _builder_version=&#8220;4.16&#8243; background_color=&#8220;rgba(50,41,82,0.8)&#8220; custom_padding_tablet=&#8220;||0px|&#8220; custom_padding_phone=&#8220;&#8220; custom_padding_last_edited=&#8220;on|phone&#8220; global_colors_info=&#8220;{}&#8220; custom_padding__hover=&#8220;|||&#8220;][et_pb_text _builder_version=&#8220;4.27.4&#8243; text_font=&#8220;||||||||&#8220; header_font=&#8220;||||||||&#8220; header_font_size=&#8220;32px&#8220; header_2_font=&#8220;Lato||||||||&#8220; header_2_text_color=&#8220;#FFFFFF&#8220; header_2_font_size=&#8220;22px&#8220; header_2_line_height=&#8220;1.1em&#8220; background_layout=&#8220;dark&#8220; custom_margin=&#8220;||&#8220; custom_margin_tablet=&#8220;||&#8220; custom_margin_phone=&#8220;||50px||false|false&#8220; custom_margin_last_edited=&#8220;on|phone&#8220; custom_padding=&#8220;12%|10%|12%|20%|true|false&#8220; custom_padding_tablet=&#8220;|40%||&#8220; custom_padding_phone=&#8220;|10%||10%|false|false&#8220; custom_padding_last_edited=&#8220;on|phone&#8220; hover_enabled=&#8220;0&#8243; header_font_size_tablet=&#8220;28px&#8220; header_font_size_phone=&#8220;24px&#8220; header_font_size_last_edited=&#8220;on|phone&#8220; header_2_font_size_tablet=&#8220;22px&#8220; header_2_font_size_phone=&#8220;18px&#8220; header_2_font_size_last_edited=&#8220;on|phone&#8220; global_colors_info=&#8220;{}&#8220; sticky_enabled=&#8220;0&#8243;]<\/p>\n<h1>Shop f\u00fcr Schamanentrommeln<\/h1>\n<h2><a href=\"https:\/\/sjamaan.nl\/de\/produkt-kategorie\/haute-fur-deine-schamanentrommel\/\">&gt; H\u00e4ute<\/a><\/h2>\n<h2><a href=\"https:\/\/sjamaan.nl\/de\/produkt-kategorie\/rahmen-fuer-schamanentrommeln\/\">&gt; Rahmen<\/a><\/h2>\n<h2><a href=\"https:\/\/sjamaan.nl\/de\/produkt-kategorie\/zubehoer-fuer-den-trommelbau\/\">&gt; Zubeh\u00f6r f\u00fcr den Trommelbau<\/a><\/h2>\n<h2><a href=\"https:\/\/sjamaan.nl\/de\/produkt-kategorie\/komplette-diy-trommelbausaetze\/\">&gt; Komplette DIY-Trommelbaus\u00e4tze<\/a><\/h2>\n<h2><a href=\"https:\/\/sjamaan.nl\/de\/produkt-kategorie\/schamanentrommeln-kaufen\/\">&gt; Schamanentrommeln<\/a><\/h2>\n<h2><a href=\"https:\/\/sjamaan.nl\/de\/produkt-kategorie\/trommeltaschen\/\">&gt; Trommeltaschen<\/a><\/h2>\n<h2><a href=\"https:\/\/sjamaan.nl\/de\/produkt-kategorie\/trommelschlaeger-und-ratels-de\/\">&gt; Trommelschl\u00e4gel und Rasseln<\/a><\/h2>\n<h2><a href=\"https:\/\/sjamaan.nl\/de\/produkt-kategorie\/musikinstrumente\/\">&gt; Musikinstrumente<\/a><\/h2>\n<h2><a href=\"https:\/\/sjamaan.nl\/de\/produkt-kategorie\/raucherwerk\/\">&gt; R\u00e4ucherwerk<\/a><\/h2>\n<h2><a href=\"https:\/\/sjamaan.nl\/de\/produkt-kategorie\/set-angebote\/\">&gt; Set-Angebote<\/a><\/h2>\n<h2><a href=\"https:\/\/sjamaan.nl\/product-category\/pflege-einer-schamanentrommel\/\">&gt; Pflege einer Schamanentrommel<\/a><\/h2>\n<p>[\/et_pb_text][\/et_pb_column][et_pb_column type=&#8220;1_3&#8243; _builder_version=&#8220;4.16&#8243; custom_padding=&#8220;|||&#8220; global_colors_info=&#8220;{}&#8220; custom_padding__hover=&#8220;|||&#8220;][\/et_pb_column][et_pb_column type=&#8220;1_3&#8243; _builder_version=&#8220;4.16&#8243; custom_padding=&#8220;|||&#8220; global_colors_info=&#8220;{}&#8220; custom_padding__hover=&#8220;|||&#8220;][\/et_pb_column][\/et_pb_row][\/et_pb_section][et_pb_section fb_built=&#8220;1&#8243; custom_padding_last_edited=&#8220;on|tablet&#8220; _builder_version=&#8220;4.23.4&#8243; _module_preset=&#8220;default&#8220; custom_margin_tablet=&#8220;75px||25px||false|false&#8220; custom_margin_phone=&#8220;100px||50px||false|false&#8220; custom_margin_last_edited=&#8220;off|phone&#8220; custom_padding=&#8220;50px||50px||true|false&#8220; custom_padding_tablet=&#8220;25px||25px||false|false&#8220; custom_padding_phone=&#8220;50px||0px||false|false&#8220; global_colors_info=&#8220;{}&#8220;][et_pb_row _builder_version=&#8220;4.23.4&#8243; _module_preset=&#8220;default&#8220; custom_padding=&#8220;0px||0px||true|false&#8220; global_colors_info=&#8220;{}&#8220;][et_pb_column type=&#8220;4_4&#8243; _builder_version=&#8220;4.23.4&#8243; _module_preset=&#8220;default&#8220; global_colors_info=&#8220;{}&#8220;][et_pb_divider show_divider=&#8220;off&#8220; _builder_version=&#8220;4.23.4&#8243; _module_preset=&#8220;default&#8220; height=&#8220;0px&#8220; global_colors_info=&#8220;{}&#8220;][\/et_pb_divider][\/et_pb_column][\/et_pb_row][\/et_pb_section][et_pb_section fb_built=&#8220;1&#8243; _builder_version=&#8220;4.23.4&#8243; custom_margin=&#8220;150px||||false|false&#8220; custom_margin_tablet=&#8220;75px||25px||false|false&#8220; custom_margin_phone=&#8220;100px||50px||false|false&#8220; custom_margin_last_edited=&#8220;off|desktop&#8220; custom_padding=&#8220;||||false|false&#8220; top_divider_height_tablet=&#8220;75px&#8220; top_divider_height_phone=&#8220;50px&#8220; top_divider_height_last_edited=&#8220;on|phone&#8220; saved_tabs=&#8220;all&#8220; global_colors_info=&#8220;{}&#8220;][et_pb_row column_structure=&#8220;1_3,1_3,1_3&#8243; _builder_version=&#8220;4.16&#8243; background_size=&#8220;initial&#8220; background_position=&#8220;top_left&#8220; background_repeat=&#8220;repeat&#8220; global_colors_info=&#8220;{}&#8220;][et_pb_column type=&#8220;1_3&#8243; _builder_version=&#8220;4.23.1&#8243; _module_preset=&#8220;default&#8220; global_colors_info=&#8220;{}&#8220;][et_pb_blurb title=&#8220;H\u00e4ute&#8220; url=&#8220;https:\/\/sjamaan.nl\/de\/produkt-kategorie\/haute-fur-deine-schamanentrommel\/&#8220; image=&#8220;https:\/\/sjamaan.nl\/wp-content\/uploads\/2019\/06\/paard-haar-65-cm-stippen-min-766&#215;1024.jpg&#8220; alt=&#8220;Paard haar 65 cm stippen min&#8220; _builder_version=&#8220;4.27.4&#8243; _module_preset=&#8220;f122d37b-ffca-4df1-aa82-562a5b0da6ce&#8220; link_option_url=&#8220;https:\/\/sjamaan.nl\/de\/produkt-kategorie\/haute-fur-deine-schamanentrommel\/&#8220; global_colors_info=&#8220;{}&#8220;][\/et_pb_blurb][\/et_pb_column][et_pb_column type=&#8220;1_3&#8243; _builder_version=&#8220;4.23.1&#8243; _module_preset=&#8220;default&#8220; global_colors_info=&#8220;{}&#8220;][et_pb_blurb title=&#8220;Rahmen&#8220; url=&#8220;https:\/\/sjamaan.nl\/de\/produkt-kategorie\/rahmen-fuer-schamanentrommeln\/&#8220; image=&#8220;https:\/\/sjamaan.nl\/wp-content\/uploads\/2023\/06\/stapel-frames-ganesha-min-min-810&#215;1024.jpg&#8220; alt=&#8220;Frames voor sjamanendrum: \u2018speciaal hout\u2019 | Stapel frames ganesha | Sjamaan.nl&#8220; _builder_version=&#8220;4.27.4&#8243; _module_preset=&#8220;f122d37b-ffca-4df1-aa82-562a5b0da6ce&#8220; link_option_url=&#8220;https:\/\/sjamaan.nl\/de\/produkt-kategorie\/rahmen-fuer-schamanentrommeln\/&#8220; global_colors_info=&#8220;{}&#8220;][\/et_pb_blurb][\/et_pb_column][et_pb_column type=&#8220;1_3&#8243; _builder_version=&#8220;4.23.1&#8243; _module_preset=&#8220;default&#8220; global_colors_info=&#8220;{}&#8220;][et_pb_blurb title=&#8220;Zubeh\u00f6r f\u00fcr den Trommelbau&#8220; url=&#8220;https:\/\/sjamaan.nl\/de\/produkt-kategorie\/zubehoer-fuer-den-trommelbau\/&#8220; image=&#8220;https:\/\/sjamaan.nl\/wp-content\/uploads\/2025\/02\/overzicht-touw-300&#215;300.png&#8220; alt=&#8220;Overzicht touw&#8220; _builder_version=&#8220;4.27.4&#8243; _module_preset=&#8220;f122d37b-ffca-4df1-aa82-562a5b0da6ce&#8220; link_option_url=&#8220;https:\/\/sjamaan.nl\/de\/produkt-kategorie\/zubehoer-fuer-den-trommelbau\/&#8220; global_colors_info=&#8220;{}&#8220;][\/et_pb_blurb][\/et_pb_column][\/et_pb_row][et_pb_row column_structure=&#8220;1_3,1_3,1_3&#8243; _builder_version=&#8220;4.16&#8243; background_size=&#8220;initial&#8220; background_position=&#8220;top_left&#8220; background_repeat=&#8220;repeat&#8220; global_colors_info=&#8220;{}&#8220;][et_pb_column type=&#8220;1_3&#8243; _builder_version=&#8220;4.23.1&#8243; _module_preset=&#8220;default&#8220; global_colors_info=&#8220;{}&#8220;][et_pb_blurb title=&#8220;Komplette DIY-Trommelbaus\u00e4tze&#8220; url=&#8220;https:\/\/sjamaan.nl\/de\/produkt-kategorie\/komplette-diy-trommelbausaetze\/&#8220; image=&#8220;https:\/\/sjamaan.nl\/wp-content\/uploads\/2025\/03\/DIY-drumbouwpakket-koe-300&#215;225.jpg&#8220; alt=&#8220;Diy Drumbouwpakket Koe&#8220; _builder_version=&#8220;4.27.4&#8243; _module_preset=&#8220;f122d37b-ffca-4df1-aa82-562a5b0da6ce&#8220; link_option_url=&#8220;https:\/\/sjamaan.nl\/de\/produkt-kategorie\/komplette-diy-trommelbausaetze\/&#8220; global_colors_info=&#8220;{}&#8220;][\/et_pb_blurb][\/et_pb_column][et_pb_column type=&#8220;1_3&#8243; _builder_version=&#8220;4.23.1&#8243; _module_preset=&#8220;default&#8220; global_colors_info=&#8220;{}&#8220;][et_pb_blurb title=&#8220;Schamanentrommeln&#8220; url=&#8220;https:\/\/sjamaan.nl\/de\/produkt-kategorie\/schamanentrommeln-kaufen\/&#8220; image=&#8220;https:\/\/sjamaan.nl\/wp-content\/uploads\/2025\/04\/geit-op-wilg-totaal-819&#215;1024.jpg&#8220; alt=&#8220;Geit op wilg totaal&#8220; _builder_version=&#8220;4.27.4&#8243; _module_preset=&#8220;f122d37b-ffca-4df1-aa82-562a5b0da6ce&#8220; link_option_url=&#8220;https:\/\/sjamaan.nl\/de\/produkt-kategorie\/schamanentrommeln-kaufen\/&#8220; global_colors_info=&#8220;{}&#8220;][\/et_pb_blurb][\/et_pb_column][et_pb_column type=&#8220;1_3&#8243; _builder_version=&#8220;4.23.1&#8243; _module_preset=&#8220;default&#8220; global_colors_info=&#8220;{}&#8220;][et_pb_blurb title=&#8220;Trommeltaschen&#8220; url=&#8220;https:\/\/sjamaan.nl\/de\/produkt-kategorie\/trommeltaschen\/&#8220; image=&#8220;https:\/\/sjamaan.nl\/wp-content\/uploads\/2024\/10\/setdeal-65-cm-mandalatas-min-808&#215;1024.jpg&#8220; alt=&#8220;Setdeal 65 cm DIY met tas mandala | Sjamaan.nl&#8220; _builder_version=&#8220;4.27.4&#8243; _module_preset=&#8220;f122d37b-ffca-4df1-aa82-562a5b0da6ce&#8220; link_option_url=&#8220;https:\/\/sjamaan.nl\/de\/produkt-kategorie\/trommeltaschen\/&#8220; global_colors_info=&#8220;{}&#8220;][\/et_pb_blurb][\/et_pb_column][\/et_pb_row][et_pb_row column_structure=&#8220;1_3,1_3,1_3&#8243; _builder_version=&#8220;4.16&#8243; background_size=&#8220;initial&#8220; background_position=&#8220;top_left&#8220; background_repeat=&#8220;repeat&#8220; global_colors_info=&#8220;{}&#8220;][et_pb_column type=&#8220;1_3&#8243; _builder_version=&#8220;4.23.1&#8243; _module_preset=&#8220;default&#8220; global_colors_info=&#8220;{}&#8220;][et_pb_blurb title=&#8220;Trommelschl\u00e4gel und Rasseln&#8220; url=&#8220;https:\/\/sjamaan.nl\/de\/produkt-kategorie\/trommelschlaeger-und-ratels-de\/&#8220; image=&#8220;https:\/\/sjamaan.nl\/wp-content\/uploads\/2023\/12\/sjamanendrum-drumstokken-en-ratels.jpeg&#8220; alt=&#8220;Sjamanendrum drumstokken en ratels&#8220; _builder_version=&#8220;4.27.4&#8243; _module_preset=&#8220;f122d37b-ffca-4df1-aa82-562a5b0da6ce&#8220; link_option_url=&#8220;https:\/\/sjamaan.nl\/de\/produkt-kategorie\/trommelschlaeger-und-ratels-de\/&#8220; global_colors_info=&#8220;{}&#8220;][\/et_pb_blurb][\/et_pb_column][et_pb_column type=&#8220;1_3&#8243; _builder_version=&#8220;4.23.1&#8243; _module_preset=&#8220;default&#8220; global_colors_info=&#8220;{}&#8220;][et_pb_blurb title=&#8220;Musikinstrumente&#8220; url=&#8220;https:\/\/sjamaan.nl\/de\/produkt-kategorie\/musikinstrumente\/&#8220; image=&#8220;https:\/\/sjamaan.nl\/wp-content\/uploads\/2025\/02\/ratel-228&#215;300.png&#8220; alt=&#8220;Ratel&#8220; _builder_version=&#8220;4.27.4&#8243; _module_preset=&#8220;f122d37b-ffca-4df1-aa82-562a5b0da6ce&#8220; link_option_url=&#8220;https:\/\/sjamaan.nl\/de\/produkt-kategorie\/musikinstrumente\/&#8220; locked=&#8220;off&#8220; global_colors_info=&#8220;{}&#8220;][\/et_pb_blurb][\/et_pb_column][et_pb_column type=&#8220;1_3&#8243; _builder_version=&#8220;4.23.1&#8243; _module_preset=&#8220;default&#8220; global_colors_info=&#8220;{}&#8220;][et_pb_blurb title=&#8220;R\u00e4ucherwerk&#8220; url=&#8220;https:\/\/sjamaan.nl\/de\/produkt-kategorie\/raucherwerk\/&#8220; image=&#8220;https:\/\/sjamaan.nl\/wp-content\/uploads\/2024\/04\/overzicht-smudge.jpg&#8220; alt=&#8220;R\u00e4ucherwerk&#8220; _builder_version=&#8220;4.27.4&#8243; _module_preset=&#8220;f122d37b-ffca-4df1-aa82-562a5b0da6ce&#8220; link_option_url=&#8220;https:\/\/sjamaan.nl\/de\/produkt-kategorie\/raucherwerk\/&#8220; hover_enabled=&#8220;0&#8243; locked=&#8220;off&#8220; global_colors_info=&#8220;{}&#8220; sticky_enabled=&#8220;0&#8243;][\/et_pb_blurb][\/et_pb_column][\/et_pb_row][et_pb_row column_structure=&#8220;1_3,1_3,1_3&#8243; _builder_version=&#8220;4.27.4&#8243; _module_preset=&#8220;default&#8220; global_colors_info=&#8220;{}&#8220;][et_pb_column type=&#8220;1_3&#8243; _builder_version=&#8220;4.27.2&#8243; _module_preset=&#8220;default&#8220; global_colors_info=&#8220;{}&#8220;][et_pb_blurb title=&#8220;Pflege einer Schamanentrommel&#8220; url=&#8220;https:\/\/sjamaan.nl\/de\/produkt-kategorie\/pflege-einer-schamanentrommel-de\/&#8220; image=&#8220;https:\/\/sjamaan.nl\/wp-content\/uploads\/2024\/11\/kadoset-verzorgingskit-rotated.jpg&#8220; alt=&#8220;Setdeal sjamanendrumverzorgingskit | Sjamaan.nl&#8220; _builder_version=&#8220;4.27.4&#8243; _module_preset=&#8220;f122d37b-ffca-4df1-aa82-562a5b0da6ce&#8220; link_option_url=&#8220;https:\/\/sjamaan.nl\/de\/produkt-kategorie\/pflege-einer-schamanentrommel-de\/&#8220; hover_enabled=&#8220;0&#8243; locked=&#8220;off&#8220; global_colors_info=&#8220;{}&#8220; sticky_enabled=&#8220;0&#8243;][\/et_pb_blurb][\/et_pb_column][et_pb_column type=&#8220;1_3&#8243; _builder_version=&#8220;4.27.4&#8243; _module_preset=&#8220;default&#8220; global_colors_info=&#8220;{}&#8220;][et_pb_blurb title=&#8220;Set-Angebote&#8220; url=&#8220;https:\/\/sjamaan.nl\/de\/produkt-kategorie\/set-angebote\/&#8220; image=&#8220;https:\/\/sjamaan.nl\/wp-content\/uploads\/2024\/10\/setdeal-geit-65-cm-met-tas-kleiner-scaled.jpg&#8220; alt=&#8220;R\u00e4ucherwerk&#8220; _builder_version=&#8220;4.27.4&#8243; _module_preset=&#8220;f122d37b-ffca-4df1-aa82-562a5b0da6ce&#8220; link_option_url=&#8220;https:\/\/sjamaan.nl\/de\/produkt-kategorie\/set-angebote\/&#8220; hover_enabled=&#8220;0&#8243; locked=&#8220;off&#8220; global_colors_info=&#8220;{}&#8220; sticky_enabled=&#8220;0&#8243;][\/et_pb_blurb][\/et_pb_column][et_pb_column type=&#8220;1_3&#8243; _builder_version=&#8220;4.27.2&#8243; _module_preset=&#8220;default&#8220; global_colors_info=&#8220;{}&#8220;][\/et_pb_column][\/et_pb_row][\/et_pb_section]<\/p>\n","protected":false},"excerpt":{"rendered":"<p>Die Titelseite der Schamanentrommel zeigt, was wir alle tun, um unsere Vision einer Schamanentrommel f\u00fcr alle zu verwirklichen. Links zu den Seiten mit Trommelkreisen, Trommelbau und dem Erlernen des Trommelspiels sowie einem Shop voller Materialien zum Bau Ihrer eigenen Trommel! <\/p>\n","protected":false},"author":1,"featured_media":0,"parent":0,"menu_order":0,"comment_status":"closed","ping_status":"closed","template":"","meta":{"_acf_changed":false,"_et_pb_use_builder":"on","_et_pb_old_content":"","_et_gb_content_width":"","slim_seo":{"title":"Sjamaan.nl\/de - Sjamaan.nl \u2013 alle Materialien f\u00fcr den Bau von Schamanentrommeln und mehr, f\u00fcr Gesch\u00e4ftskunden und Privatpersonen.","description":"Die Titelseite der Schamanentrommel zeigt, was wir alle tun, um unsere Vision einer Schamanentrommel f\u00fcr alle zu verwirklichen. Links zu den Seiten mit Trommelk"},"footnotes":""},"class_list":["post-22842","page","type-page","status-publish","hentry"],"acf":[],"_links":{"self":[{"href":"https:\/\/sjamaan.nl\/de\/wp-json\/wp\/v2\/pages\/22842","targetHints":{"allow":["GET"]}}],"collection":[{"href":"https:\/\/sjamaan.nl\/de\/wp-json\/wp\/v2\/pages"}],"about":[{"href":"https:\/\/sjamaan.nl\/de\/wp-json\/wp\/v2\/types\/page"}],"author":[{"embeddable":true,"href":"https:\/\/sjamaan.nl\/de\/wp-json\/wp\/v2\/users\/1"}],"replies":[{"embeddable":true,"href":"https:\/\/sjamaan.nl\/de\/wp-json\/wp\/v2\/comments?post=22842"}],"version-history":[{"count":50,"href":"https:\/\/sjamaan.nl\/de\/wp-json\/wp\/v2\/pages\/22842\/revisions"}],"predecessor-version":[{"id":28745,"href":"https:\/\/sjamaan.nl\/de\/wp-json\/wp\/v2\/pages\/22842\/revisions\/28745"}],"wp:attachment":[{"href":"https:\/\/sjamaan.nl\/de\/wp-json\/wp\/v2\/media?parent=22842"}],"curies":[{"name":"wp","href":"https:\/\/api.w.org\/{rel}","templated":true}]}}